{"id":15003,"date":"2026-02-01T11:37:06","date_gmt":"2026-02-01T15:37:06","guid":{"rendered":"https:\/\/circofest.com\/stagingsite\/?page_id=15003"},"modified":"2026-02-28T17:36:23","modified_gmt":"2026-02-28T21:36:23","slug":"maite-guevara","status":"publish","type":"page","link":"https:\/\/circofest.com\/stagingsite\/maite-guevara\/","title":{"rendered":"Maite Guevara"},"content":{"rendered":"\t\t<div data-elementor-type=\"wp-page\" data-elementor-id=\"15003\" class=\"elementor elementor-15003\">\n\t\t\t\t\t\t<section class=\"elementor-section elementor-top-section elementor-element elementor-element-5de3e7f elementor-section-boxed elementor-section-height-default elementor-section-height-default sc_fly_static\" data-id=\"5de3e7f\" data-element_type=\"section\" data-e-type=\"section\">\n\t\t\t\t\t\t<div class=\"elementor-container elementor-column-gap-extended\">\n\t\t\t\t\t<div class=\"elementor-column elementor-col-100 elementor-top-column elementor-element elementor-element-7315539 sc_content_align_inherit sc_layouts_column_icons_position_left sc_fly_static\" data-id=\"7315539\" data-element_type=\"column\" data-e-type=\"column\">\n\t\t\t<div class=\"elementor-widget-wrap elementor-element-populated\">\n\t\t\t\t\t\t<div class=\"elementor-element elementor-element-e649819 sc_fly_static elementor-widget elementor-widget-heading\" data-id=\"e649819\" data-element_type=\"widget\" data-e-type=\"widget\" data-widget_type=\"heading.default\">\n\t\t\t\t<div class=\"elementor-widget-container\">\n\t\t\t\t\t<h1 class=\"elementor-heading-title elementor-size-default\">Cia. Maite Guevara<\/h1>\t\t\t\t<\/div>\n\t\t\t\t<\/div>\n\t\t\t\t<div class=\"elementor-element elementor-element-d635308 sc_fly_static elementor-widget elementor-widget-spacer\" data-id=\"d635308\" data-element_type=\"widget\" data-e-type=\"widget\" data-widget_type=\"spacer.default\">\n\t\t\t\t<div class=\"elementor-widget-container\">\n\t\t\t\t\t\t\t<div class=\"elementor-spacer\">\n\t\t\t<div class=\"elementor-spacer-inner\"><\/div>\n\t\t<\/div>\n\t\t\t\t\t\t<\/div>\n\t\t\t\t<\/div>\n\t\t\t\t\t<\/div>\n\t\t<\/div>\n\t\t\t\t\t<\/div>\n\t\t<\/section>\n\t\t\t\t<section class=\"elementor-section elementor-top-section elementor-element elementor-element-3dadb4b elementor-section-full_width elementor-section-height-default elementor-section-height-default sc_fly_static\" data-id=\"3dadb4b\" data-element_type=\"section\" data-e-type=\"section\" data-settings=\"{&quot;background_background&quot;:&quot;classic&quot;}\">\n\t\t\t\t\t\t<div class=\"elementor-container elementor-column-gap-extended\">\n\t\t\t\t\t<div class=\"elementor-column elementor-col-100 elementor-top-column elementor-element elementor-element-cbc9d57 sc_content_align_inherit sc_layouts_column_icons_position_left sc_fly_static\" data-id=\"cbc9d57\" data-element_type=\"column\" data-e-type=\"column\">\n\t\t\t<div class=\"elementor-widget-wrap elementor-element-populated\">\n\t\t\t\t\t\t<div class=\"elementor-element elementor-element-c0e9307 sc_fly_static elementor-widget elementor-widget-spacer\" data-id=\"c0e9307\" data-element_type=\"widget\" data-e-type=\"widget\" data-widget_type=\"spacer.default\">\n\t\t\t\t<div class=\"elementor-widget-container\">\n\t\t\t\t\t\t\t<div class=\"elementor-spacer\">\n\t\t\t<div class=\"elementor-spacer-inner\"><\/div>\n\t\t<\/div>\n\t\t\t\t\t\t<\/div>\n\t\t\t\t<\/div>\n\t\t\t\t<div class=\"elementor-element elementor-element-e595f09 elementor-widget__width-inherit sc_fly_static elementor-widget elementor-widget-image\" data-id=\"e595f09\" data-element_type=\"widget\" data-e-type=\"widget\" data-widget_type=\"image.default\">\n\t\t\t\t<div class=\"elementor-widget-container\">\n\t\t\t\t\t\t\t\t\t\t\t\t\t\t\t\t<a href=\"https:\/\/circofest.com\/stagingsite\/wp-content\/uploads\/2026\/02\/CF-2026-_Dipticos-Rev-Feb-2026_0000s_0007_MAITE-GUEVARA.jpg\" data-elementor-open-lightbox=\"yes\" data-e-action-hash=\"#elementor-action%3Aaction%3Dlightbox%26settings%3DeyJpZCI6MTczNzgsInVybCI6Imh0dHBzOlwvXC9jaXJjb2Zlc3QuY29tXC9zdGFnaW5nc2l0ZVwvd3AtY29udGVudFwvdXBsb2Fkc1wvMjAyNlwvMDJcL0NGLTIwMjYtX0RpcHRpY29zLVJldi1GZWItMjAyNl8wMDAwc18wMDA3X01BSVRFLUdVRVZBUkEuanBnIn0%3D\">\n\t\t\t\t\t\t\t<img fetchpriority=\"high\" decoding=\"async\" width=\"2000\" height=\"1333\" src=\"https:\/\/circofest.com\/stagingsite\/wp-content\/uploads\/2026\/02\/CF-2026-_Dipticos-Rev-Feb-2026_0000s_0007_MAITE-GUEVARA.jpg\" class=\"attachment-full size-full wp-image-17378\" alt=\"\" srcset=\"https:\/\/circofest.com\/stagingsite\/wp-content\/uploads\/2026\/02\/CF-2026-_Dipticos-Rev-Feb-2026_0000s_0007_MAITE-GUEVARA.jpg 2000w, https:\/\/circofest.com\/stagingsite\/wp-content\/uploads\/2026\/02\/CF-2026-_Dipticos-Rev-Feb-2026_0000s_0007_MAITE-GUEVARA-300x200.jpg 300w, https:\/\/circofest.com\/stagingsite\/wp-content\/uploads\/2026\/02\/CF-2026-_Dipticos-Rev-Feb-2026_0000s_0007_MAITE-GUEVARA-1024x682.jpg 1024w, https:\/\/circofest.com\/stagingsite\/wp-content\/uploads\/2026\/02\/CF-2026-_Dipticos-Rev-Feb-2026_0000s_0007_MAITE-GUEVARA-768x512.jpg 768w, https:\/\/circofest.com\/stagingsite\/wp-content\/uploads\/2026\/02\/CF-2026-_Dipticos-Rev-Feb-2026_0000s_0007_MAITE-GUEVARA-1536x1024.jpg 1536w, https:\/\/circofest.com\/stagingsite\/wp-content\/uploads\/2026\/02\/CF-2026-_Dipticos-Rev-Feb-2026_0000s_0007_MAITE-GUEVARA-370x247.jpg 370w, https:\/\/circofest.com\/stagingsite\/wp-content\/uploads\/2026\/02\/CF-2026-_Dipticos-Rev-Feb-2026_0000s_0007_MAITE-GUEVARA-840x560.jpg 840w, https:\/\/circofest.com\/stagingsite\/wp-content\/uploads\/2026\/02\/CF-2026-_Dipticos-Rev-Feb-2026_0000s_0007_MAITE-GUEVARA-410x273.jpg 410w, https:\/\/circofest.com\/stagingsite\/wp-content\/uploads\/2026\/02\/CF-2026-_Dipticos-Rev-Feb-2026_0000s_0007_MAITE-GUEVARA-600x400.jpg 600w\" sizes=\"(max-width: 2000px) 100vw, 2000px\" \/>\t\t\t\t\t\t\t\t<\/a>\n\t\t\t\t\t\t\t\t\t\t\t\t\t\t\t<\/div>\n\t\t\t\t<\/div>\n\t\t\t\t<div class=\"elementor-element elementor-element-52df872 sc_fly_static elementor-widget elementor-widget-spacer\" data-id=\"52df872\" data-element_type=\"widget\" data-e-type=\"widget\" data-widget_type=\"spacer.default\">\n\t\t\t\t<div class=\"elementor-widget-container\">\n\t\t\t\t\t\t\t<div class=\"elementor-spacer\">\n\t\t\t<div class=\"elementor-spacer-inner\"><\/div>\n\t\t<\/div>\n\t\t\t\t\t\t<\/div>\n\t\t\t\t<\/div>\n\t\t\t\t\t<\/div>\n\t\t<\/div>\n\t\t\t\t\t<\/div>\n\t\t<\/section>\n\t\t\t\t<section class=\"elementor-section elementor-top-section elementor-element elementor-element-4b0c529 elementor-section-boxed elementor-section-height-default elementor-section-height-default sc_fly_static\" data-id=\"4b0c529\" data-element_type=\"section\" data-e-type=\"section\">\n\t\t\t\t\t\t<div class=\"elementor-container elementor-column-gap-extended\">\n\t\t\t\t\t<div class=\"elementor-column elementor-col-100 elementor-top-column elementor-element elementor-element-d117a6f sc_content_align_inherit sc_layouts_column_icons_position_left sc_fly_static\" data-id=\"d117a6f\" data-element_type=\"column\" data-e-type=\"column\">\n\t\t\t<div class=\"elementor-widget-wrap elementor-element-populated\">\n\t\t\t\t\t\t<div class=\"elementor-element elementor-element-f18c8bc sc_fly_static elementor-widget elementor-widget-text-editor\" data-id=\"f18c8bc\" data-element_type=\"widget\" data-e-type=\"widget\" data-widget_type=\"text-editor.default\">\n\t\t\t\t<div class=\"elementor-widget-container\">\n\t\t\t\t\t\t\t\t\t<p><span style=\"font-family: helvetica; font-size: 18px;\"><br \/><\/span><span style=\"font-family: Ultra; font-size: 30px; color: #800080;\">\u00a1Que Buen D\u00eda! <strong><span style=\"font-size: 18px; color: #000000; font-family: helvetica;\">45 Min<br \/><\/span><\/strong><\/span><\/p><p><span style=\"color: #000000;\"><strong><span style=\"font-family: helvetica; font-size: 18px;\">Clown<\/span><\/strong><\/span><\/p><p><span style=\"color: #000000;\">Llueva, nieve o granice &#8230; para Martina siempre puede ser un buen d\u00eda. Martina viene hoy a demostrarnos que quien sue\u00f1a y abre bien los ojos puede ver un mundo de posibilidades infinitas. Un espect\u00e1culo de clown para personas con ganas de pasarlo bien de todas las edades: abstenerse aburridas, tramposas y las que no tenga ganas de jugar o imaginar. Si no hemos venido a jugar, a qu\u00e9 demonios hemos venido?<\/span><\/p>\t\t\t\t\t\t\t\t<\/div>\n\t\t\t\t<\/div>\n\t\t\t\t\t<\/div>\n\t\t<\/div>\n\t\t\t\t\t<\/div>\n\t\t<\/section>\n\t\t\t\t<\/div>\n\t\t","protected":false},"excerpt":{"rendered":"<p>Cia. Maite Guevara \u00a1Que Buen D\u00eda! 45 Min Clown Llueva, nieve o granice &#8230; para Martina siempre puede ser un buen d\u00eda. Martina viene hoy a demostrarnos que quien sue\u00f1a&hellip;<\/p>\n","protected":false},"author":1,"featured_media":0,"parent":0,"menu_order":0,"comment_status":"closed","ping_status":"closed","template":"essential-blocks-fullwidth-template.php","meta":{"nf_dc_page":"","_eb_attr":"","footnotes":""},"class_list":["post-15003","page","type-page","status-publish","hentry"],"yoast_head":"<!-- This site is optimized with the Yoast SEO plugin v27.4 - https:\/\/yoast.com\/product\/yoast-seo-wordpress\/ -->\n<title>Maite Guevara &#8212; Circo Fest 2026<\/title>\n<meta name=\"robots\" content=\"index, follow, max-snippet:-1, max-image-preview:large, max-video-preview:-1\" \/>\n<link rel=\"canonical\" href=\"https:\/\/circofest.com\/stagingsite\/maite-guevara\/\" \/>\n<meta property=\"og:locale\" content=\"es_ES\" \/>\n<meta property=\"og:type\" content=\"article\" \/>\n<meta property=\"og:title\" content=\"Maite Guevara &#8212; Circo Fest 2026\" \/>\n<meta property=\"og:description\" content=\"Cia. Maite Guevara \u00a1Que Buen D\u00eda! 45 Min Clown Llueva, nieve o granice &#8230; para Martina siempre puede ser un buen d\u00eda. Martina viene hoy a demostrarnos que quien sue\u00f1a&hellip;\" \/>\n<meta property=\"og:url\" content=\"https:\/\/circofest.com\/stagingsite\/maite-guevara\/\" \/>\n<meta property=\"og:site_name\" content=\"Circo Fest 2026\" \/>\n<meta property=\"article:publisher\" content=\"https:\/\/www.facebook.com\/circofest\/\" \/>\n<meta property=\"article:modified_time\" content=\"2026-02-28T21:36:23+00:00\" \/>\n<meta property=\"og:image\" content=\"https:\/\/circofest.com\/stagingsite\/wp-content\/uploads\/2026\/02\/CF-2026-_Dipticos-Rev-Feb-2026_0000s_0007_MAITE-GUEVARA.jpg\" \/>\n<meta name=\"twitter:card\" content=\"summary_large_image\" \/>\n<meta name=\"twitter:label1\" content=\"Tiempo de lectura\" \/>\n\t<meta name=\"twitter:data1\" content=\"1 minuto\" \/>\n<script type=\"application\/ld+json\" class=\"yoast-schema-graph\">{\"@context\":\"https:\\\/\\\/schema.org\",\"@graph\":[{\"@type\":\"WebPage\",\"@id\":\"https:\\\/\\\/circofest.com\\\/stagingsite\\\/maite-guevara\\\/\",\"url\":\"https:\\\/\\\/circofest.com\\\/stagingsite\\\/maite-guevara\\\/\",\"name\":\"Maite Guevara &#8212; Circo Fest 2026\",\"isPartOf\":{\"@id\":\"https:\\\/\\\/circofest.com\\\/stagingsite\\\/#website\"},\"primaryImageOfPage\":{\"@id\":\"https:\\\/\\\/circofest.com\\\/stagingsite\\\/maite-guevara\\\/#primaryimage\"},\"image\":{\"@id\":\"https:\\\/\\\/circofest.com\\\/stagingsite\\\/maite-guevara\\\/#primaryimage\"},\"thumbnailUrl\":\"https:\\\/\\\/circofest.com\\\/stagingsite\\\/wp-content\\\/uploads\\\/2026\\\/02\\\/CF-2026-_Dipticos-Rev-Feb-2026_0000s_0007_MAITE-GUEVARA.jpg\",\"datePublished\":\"2026-02-01T15:37:06+00:00\",\"dateModified\":\"2026-02-28T21:36:23+00:00\",\"breadcrumb\":{\"@id\":\"https:\\\/\\\/circofest.com\\\/stagingsite\\\/maite-guevara\\\/#breadcrumb\"},\"inLanguage\":\"es\",\"potentialAction\":[{\"@type\":\"ReadAction\",\"target\":[\"https:\\\/\\\/circofest.com\\\/stagingsite\\\/maite-guevara\\\/\"]}]},{\"@type\":\"ImageObject\",\"inLanguage\":\"es\",\"@id\":\"https:\\\/\\\/circofest.com\\\/stagingsite\\\/maite-guevara\\\/#primaryimage\",\"url\":\"https:\\\/\\\/circofest.com\\\/stagingsite\\\/wp-content\\\/uploads\\\/2026\\\/02\\\/CF-2026-_Dipticos-Rev-Feb-2026_0000s_0007_MAITE-GUEVARA.jpg\",\"contentUrl\":\"https:\\\/\\\/circofest.com\\\/stagingsite\\\/wp-content\\\/uploads\\\/2026\\\/02\\\/CF-2026-_Dipticos-Rev-Feb-2026_0000s_0007_MAITE-GUEVARA.jpg\",\"width\":2000,\"height\":1333},{\"@type\":\"BreadcrumbList\",\"@id\":\"https:\\\/\\\/circofest.com\\\/stagingsite\\\/maite-guevara\\\/#breadcrumb\",\"itemListElement\":[{\"@type\":\"ListItem\",\"position\":1,\"name\":\"Home\",\"item\":\"https:\\\/\\\/circofest.com\\\/stagingsite\\\/\"},{\"@type\":\"ListItem\",\"position\":2,\"name\":\"Maite Guevara\"}]},{\"@type\":\"WebSite\",\"@id\":\"https:\\\/\\\/circofest.com\\\/stagingsite\\\/#website\",\"url\":\"https:\\\/\\\/circofest.com\\\/stagingsite\\\/\",\"name\":\"Circo Fest 2026\",\"description\":\"Vuelve Circo Fest 2026\",\"publisher\":{\"@id\":\"https:\\\/\\\/circofest.com\\\/stagingsite\\\/#organization\"},\"potentialAction\":[{\"@type\":\"SearchAction\",\"target\":{\"@type\":\"EntryPoint\",\"urlTemplate\":\"https:\\\/\\\/circofest.com\\\/stagingsite\\\/?s={search_term_string}\"},\"query-input\":{\"@type\":\"PropertyValueSpecification\",\"valueRequired\":true,\"valueName\":\"search_term_string\"}}],\"inLanguage\":\"es\"},{\"@type\":\"Organization\",\"@id\":\"https:\\\/\\\/circofest.com\\\/stagingsite\\\/#organization\",\"name\":\"CircoFest\",\"url\":\"https:\\\/\\\/circofest.com\\\/stagingsite\\\/\",\"logo\":{\"@type\":\"ImageObject\",\"inLanguage\":\"es\",\"@id\":\"https:\\\/\\\/circofest.com\\\/stagingsite\\\/#\\\/schema\\\/logo\\\/image\\\/\",\"url\":\"https:\\\/\\\/i0.wp.com\\\/www.circofest.com\\\/CFest\\\/wp-content\\\/uploads\\\/2020\\\/01\\\/2020-small.png?fit=345%2C346&ssl=1\",\"contentUrl\":\"https:\\\/\\\/i0.wp.com\\\/www.circofest.com\\\/CFest\\\/wp-content\\\/uploads\\\/2020\\\/01\\\/2020-small.png?fit=345%2C346&ssl=1\",\"width\":345,\"height\":346,\"caption\":\"CircoFest\"},\"image\":{\"@id\":\"https:\\\/\\\/circofest.com\\\/stagingsite\\\/#\\\/schema\\\/logo\\\/image\\\/\"},\"sameAs\":[\"https:\\\/\\\/www.facebook.com\\\/circofest\\\/\",\"https:\\\/\\\/www.youtube.com\\\/channel\\\/UCSV8Au5Pm08VrTit3UdM97Q\"]}]}<\/script>\n<!-- \/ Yoast SEO plugin. -->","yoast_head_json":{"title":"Maite Guevara &#8212; Circo Fest 2026","robots":{"index":"index","follow":"follow","max-snippet":"max-snippet:-1","max-image-preview":"max-image-preview:large","max-video-preview":"max-video-preview:-1"},"canonical":"https:\/\/circofest.com\/stagingsite\/maite-guevara\/","og_locale":"es_ES","og_type":"article","og_title":"Maite Guevara &#8212; Circo Fest 2026","og_description":"Cia. Maite Guevara \u00a1Que Buen D\u00eda! 45 Min Clown Llueva, nieve o granice &#8230; para Martina siempre puede ser un buen d\u00eda. Martina viene hoy a demostrarnos que quien sue\u00f1a&hellip;","og_url":"https:\/\/circofest.com\/stagingsite\/maite-guevara\/","og_site_name":"Circo Fest 2026","article_publisher":"https:\/\/www.facebook.com\/circofest\/","article_modified_time":"2026-02-28T21:36:23+00:00","og_image":[{"url":"https:\/\/circofest.com\/stagingsite\/wp-content\/uploads\/2026\/02\/CF-2026-_Dipticos-Rev-Feb-2026_0000s_0007_MAITE-GUEVARA.jpg","type":"","width":"","height":""}],"twitter_card":"summary_large_image","twitter_misc":{"Tiempo de lectura":"1 minuto"},"schema":{"@context":"https:\/\/schema.org","@graph":[{"@type":"WebPage","@id":"https:\/\/circofest.com\/stagingsite\/maite-guevara\/","url":"https:\/\/circofest.com\/stagingsite\/maite-guevara\/","name":"Maite Guevara &#8212; Circo Fest 2026","isPartOf":{"@id":"https:\/\/circofest.com\/stagingsite\/#website"},"primaryImageOfPage":{"@id":"https:\/\/circofest.com\/stagingsite\/maite-guevara\/#primaryimage"},"image":{"@id":"https:\/\/circofest.com\/stagingsite\/maite-guevara\/#primaryimage"},"thumbnailUrl":"https:\/\/circofest.com\/stagingsite\/wp-content\/uploads\/2026\/02\/CF-2026-_Dipticos-Rev-Feb-2026_0000s_0007_MAITE-GUEVARA.jpg","datePublished":"2026-02-01T15:37:06+00:00","dateModified":"2026-02-28T21:36:23+00:00","breadcrumb":{"@id":"https:\/\/circofest.com\/stagingsite\/maite-guevara\/#breadcrumb"},"inLanguage":"es","potentialAction":[{"@type":"ReadAction","target":["https:\/\/circofest.com\/stagingsite\/maite-guevara\/"]}]},{"@type":"ImageObject","inLanguage":"es","@id":"https:\/\/circofest.com\/stagingsite\/maite-guevara\/#primaryimage","url":"https:\/\/circofest.com\/stagingsite\/wp-content\/uploads\/2026\/02\/CF-2026-_Dipticos-Rev-Feb-2026_0000s_0007_MAITE-GUEVARA.jpg","contentUrl":"https:\/\/circofest.com\/stagingsite\/wp-content\/uploads\/2026\/02\/CF-2026-_Dipticos-Rev-Feb-2026_0000s_0007_MAITE-GUEVARA.jpg","width":2000,"height":1333},{"@type":"BreadcrumbList","@id":"https:\/\/circofest.com\/stagingsite\/maite-guevara\/#breadcrumb","itemListElement":[{"@type":"ListItem","position":1,"name":"Home","item":"https:\/\/circofest.com\/stagingsite\/"},{"@type":"ListItem","position":2,"name":"Maite Guevara"}]},{"@type":"WebSite","@id":"https:\/\/circofest.com\/stagingsite\/#website","url":"https:\/\/circofest.com\/stagingsite\/","name":"Circo Fest 2026","description":"Vuelve Circo Fest 2026","publisher":{"@id":"https:\/\/circofest.com\/stagingsite\/#organization"},"potentialAction":[{"@type":"SearchAction","target":{"@type":"EntryPoint","urlTemplate":"https:\/\/circofest.com\/stagingsite\/?s={search_term_string}"},"query-input":{"@type":"PropertyValueSpecification","valueRequired":true,"valueName":"search_term_string"}}],"inLanguage":"es"},{"@type":"Organization","@id":"https:\/\/circofest.com\/stagingsite\/#organization","name":"CircoFest","url":"https:\/\/circofest.com\/stagingsite\/","logo":{"@type":"ImageObject","inLanguage":"es","@id":"https:\/\/circofest.com\/stagingsite\/#\/schema\/logo\/image\/","url":"https:\/\/i0.wp.com\/www.circofest.com\/CFest\/wp-content\/uploads\/2020\/01\/2020-small.png?fit=345%2C346&ssl=1","contentUrl":"https:\/\/i0.wp.com\/www.circofest.com\/CFest\/wp-content\/uploads\/2020\/01\/2020-small.png?fit=345%2C346&ssl=1","width":345,"height":346,"caption":"CircoFest"},"image":{"@id":"https:\/\/circofest.com\/stagingsite\/#\/schema\/logo\/image\/"},"sameAs":["https:\/\/www.facebook.com\/circofest\/","https:\/\/www.youtube.com\/channel\/UCSV8Au5Pm08VrTit3UdM97Q"]}]}},"_links":{"self":[{"href":"https:\/\/circofest.com\/stagingsite\/wp-json\/wp\/v2\/pages\/15003","targetHints":{"allow":["GET"]}}],"collection":[{"href":"https:\/\/circofest.com\/stagingsite\/wp-json\/wp\/v2\/pages"}],"about":[{"href":"https:\/\/circofest.com\/stagingsite\/wp-json\/wp\/v2\/types\/page"}],"author":[{"embeddable":true,"href":"https:\/\/circofest.com\/stagingsite\/wp-json\/wp\/v2\/users\/1"}],"replies":[{"embeddable":true,"href":"https:\/\/circofest.com\/stagingsite\/wp-json\/wp\/v2\/comments?post=15003"}],"version-history":[{"count":5,"href":"https:\/\/circofest.com\/stagingsite\/wp-json\/wp\/v2\/pages\/15003\/revisions"}],"predecessor-version":[{"id":17409,"href":"https:\/\/circofest.com\/stagingsite\/wp-json\/wp\/v2\/pages\/15003\/revisions\/17409"}],"wp:attachment":[{"href":"https:\/\/circofest.com\/stagingsite\/wp-json\/wp\/v2\/media?parent=15003"}],"curies":[{"name":"wp","href":"https:\/\/api.w.org\/{rel}","templated":true}]}}