{"id":15162,"date":"2026-02-07T13:45:57","date_gmt":"2026-02-07T17:45:57","guid":{"rendered":"https:\/\/circofest.com\/stagingsite\/?page_id=15162"},"modified":"2026-03-03T20:42:48","modified_gmt":"2026-03-04T00:42:48","slug":"votacion-2026","status":"publish","type":"page","link":"https:\/\/circofest.com\/stagingsite\/votacion-2026\/","title":{"rendered":"Votaci\u00f3n 2026"},"content":{"rendered":"\t\t<div data-elementor-type=\"wp-page\" data-elementor-id=\"15162\" class=\"elementor elementor-15162\">\n\t\t\t\t\t\t<section class=\"elementor-section elementor-top-section elementor-element elementor-element-df5bb2a elementor-section-boxed elementor-section-height-default elementor-section-height-default sc_fly_static\" data-id=\"df5bb2a\" data-element_type=\"section\" data-e-type=\"section\" data-settings=\"{&quot;background_background&quot;:&quot;classic&quot;}\">\n\t\t\t\t\t\t<div class=\"elementor-container elementor-column-gap-extended\">\n\t\t\t\t\t<div class=\"elementor-column elementor-col-33 elementor-top-column elementor-element elementor-element-0ec5432 sc_content_align_inherit sc_layouts_column_icons_position_left sc_fly_static\" data-id=\"0ec5432\" data-element_type=\"column\" data-e-type=\"column\">\n\t\t\t<div class=\"elementor-widget-wrap\">\n\t\t\t\t\t\t\t<\/div>\n\t\t<\/div>\n\t\t\t\t<div class=\"elementor-column elementor-col-33 elementor-top-column elementor-element elementor-element-5c47abd sc_content_align_inherit sc_layouts_column_icons_position_left sc_fly_static\" data-id=\"5c47abd\" data-element_type=\"column\" data-e-type=\"column\">\n\t\t\t<div class=\"elementor-widget-wrap elementor-element-populated\">\n\t\t\t\t\t\t<div class=\"elementor-element elementor-element-fbaf91a sc_fly_static elementor-widget elementor-widget-image\" data-id=\"fbaf91a\" data-element_type=\"widget\" data-e-type=\"widget\" data-widget_type=\"image.default\">\n\t\t\t\t<div class=\"elementor-widget-container\">\n\t\t\t\t\t\t\t\t\t\t\t\t\t\t\t<img fetchpriority=\"high\" decoding=\"async\" width=\"1000\" height=\"827\" src=\"https:\/\/circofest.com\/stagingsite\/wp-content\/uploads\/2026\/02\/Vota-aqui-.png\" class=\"attachment-large size-large wp-image-17048\" alt=\"\" srcset=\"https:\/\/circofest.com\/stagingsite\/wp-content\/uploads\/2026\/02\/Vota-aqui-.png 1000w, https:\/\/circofest.com\/stagingsite\/wp-content\/uploads\/2026\/02\/Vota-aqui--300x248.png 300w, https:\/\/circofest.com\/stagingsite\/wp-content\/uploads\/2026\/02\/Vota-aqui--768x635.png 768w, https:\/\/circofest.com\/stagingsite\/wp-content\/uploads\/2026\/02\/Vota-aqui--370x306.png 370w, https:\/\/circofest.com\/stagingsite\/wp-content\/uploads\/2026\/02\/Vota-aqui--840x695.png 840w, https:\/\/circofest.com\/stagingsite\/wp-content\/uploads\/2026\/02\/Vota-aqui--410x339.png 410w, https:\/\/circofest.com\/stagingsite\/wp-content\/uploads\/2026\/02\/Vota-aqui--600x496.png 600w\" sizes=\"(max-width: 1000px) 100vw, 1000px\" \/>\t\t\t\t\t\t\t\t\t\t\t\t\t\t\t<\/div>\n\t\t\t\t<\/div>\n\t\t\t\t\t<\/div>\n\t\t<\/div>\n\t\t\t\t<div class=\"elementor-column elementor-col-33 elementor-top-column elementor-element elementor-element-47edd5d sc_content_align_inherit sc_layouts_column_icons_position_left sc_fly_static\" data-id=\"47edd5d\" data-element_type=\"column\" data-e-type=\"column\">\n\t\t\t<div class=\"elementor-widget-wrap\">\n\t\t\t\t\t\t\t<\/div>\n\t\t<\/div>\n\t\t\t\t\t<\/div>\n\t\t<\/section>\n\t\t\t\t<section class=\"elementor-section elementor-top-section elementor-element elementor-element-9ffa5a0 elementor-section-boxed elementor-section-height-default elementor-section-height-default sc_fly_static\" data-id=\"9ffa5a0\" data-element_type=\"section\" data-e-type=\"section\">\n\t\t\t\t\t\t<div class=\"elementor-container elementor-column-gap-extended\">\n\t\t\t\t\t<div class=\"elementor-column elementor-col-25 elementor-top-column elementor-element elementor-element-19be5fb sc_content_align_inherit sc_layouts_column_icons_position_left sc_fly_static\" data-id=\"19be5fb\" data-element_type=\"column\" data-e-type=\"column\">\n\t\t\t<div class=\"elementor-widget-wrap\">\n\t\t\t\t\t\t\t<\/div>\n\t\t<\/div>\n\t\t\t\t<div class=\"elementor-column elementor-col-50 elementor-top-column elementor-element elementor-element-d631abe sc_content_align_inherit sc_layouts_column_icons_position_left sc_fly_static\" data-id=\"d631abe\" data-element_type=\"column\" data-e-type=\"column\">\n\t\t\t<div class=\"elementor-widget-wrap elementor-element-populated\">\n\t\t\t\t\t\t<div class=\"elementor-element elementor-element-4d04009 sc_fly_static elementor-widget elementor-widget-spacer\" data-id=\"4d04009\" data-element_type=\"widget\" data-e-type=\"widget\" data-widget_type=\"spacer.default\">\n\t\t\t\t<div class=\"elementor-widget-container\">\n\t\t\t\t\t\t\t<div class=\"elementor-spacer\">\n\t\t\t<div class=\"elementor-spacer-inner\"><\/div>\n\t\t<\/div>\n\t\t\t\t\t\t<\/div>\n\t\t\t\t<\/div>\n\t\t\t\t<div class=\"elementor-element elementor-element-3effb13 elementor-widget__width-initial sc_fly_static elementor-widget elementor-widget-shortcode\" data-id=\"3effb13\" data-element_type=\"widget\" data-e-type=\"widget\" data-widget_type=\"shortcode.default\">\n\t\t\t\t<div class=\"elementor-widget-container\">\n\t\t\t\t\t\t\t<div class=\"elementor-shortcode\"><div id=\"totalpoll\" class=\"totalpoll-wrapper totalpoll-uid-b125a31e5cc626b61d7e1a813969d1c9 is-ltr is-screen-results\" totalpoll=\"16858\" totalpoll-uid=\"b125a31e5cc626b61d7e1a813969d1c9\" totalpoll-screen=\"results\" totalpoll-ajax-url=\"https:\/\/circofest.com\/stagingsite\/wp-admin\/admin-ajax.php?action=totalpoll&#038;totalpoll%5BpollId%5D=16858&#038;totalpoll%5Baction%5D=view&#038;totalpoll%5Bscreen%5D=results\"><script type=\"text\/totalpoll-config\" totalpoll-config=\"16858\">{\"ajaxEndpoint\":\"https:\\\/\\\/circofest.com\\\/stagingsite\\\/wp-admin\\\/admin-ajax.php?action=totalpoll\",\"behaviours\":{\"ajax\":true,\"scrollUp\":true,\"async\":false},\"effects\":{\"transition\":\"fade\",\"duration\":\"500\"},\"i18n\":{\"Previous\":\"Anterior\",\"Next\":\"Siguiente\",\"of\":\"of\",\"Something went wrong! Please try again.\":\"Something went wrong! Please try again.\"}}<\/script><link rel=\"stylesheet\" id=\"totalpoll-poll-b125a31e5cc626b61d7e1a813969d1c9-css\"  href=\"https:\/\/circofest.com\/stagingsite\/wp-content\/cache\/totalpoll\/css\/b125a31e5cc626b61d7e1a813969d1c9.css\" type=\"text\/css\" media=\"all\" \/><div id=\"totalpoll-poll-16858\" class=\"totalpoll-container\"><form action=\"\" enctype=\"multipart\/form-data\" class=\"totalpoll-form\" method=\"POST\" novalidate=\"novalidate\">    <div class=\"totalpoll-message totalpoll-message-error\">Esta encuesta ha terminado (desde 1 mes).<\/div>\n<div style=\"visibility: hidden; position: absolute; width: 0px; height: 0px;\">\n    <svg id=\"totalpoll-check-icon\" xmlns=\"http:\/\/www.w3.org\/2000\/svg\" width=\"24\" height=\"24\" viewBox=\"0 0 24 24\">\n        <path d=\"M0,0H24V24H0Z\" fill=\"none\"\/>\n        <path d=\"M9,15.1999l-4.2-4.2L2.3999,13.4,9,20.0001,22.0001,7,19.6,4.5999Z\"\/>\n    <\/svg>\n<\/div>\n<div class=\"totalpoll-form-hidden-fields\">\n\t<div class=\"totalpoll-form-page\"><div class=\"totalpoll-form-field-hidden\"><div class=\"totalpoll-form-field totalpoll-form-field-type-hidden totalpoll-column-full\"><div class=\"totalpoll-form-field-wrapper\"><input type=\"hidden\" name=\"totalpoll[screen]\" value=\"results\" class=\"totalpoll-form-field-input\"><div class=\"totalpoll-form-field-errors\"><\/div><\/div><\/div><\/div><div class=\"totalpoll-form-field-hidden\"><div class=\"totalpoll-form-field totalpoll-form-field-type-hidden totalpoll-column-full\"><div class=\"totalpoll-form-field-wrapper\"><input type=\"hidden\" name=\"totalpoll[pollId]\" value=\"16858\" class=\"totalpoll-form-field-input\"><div class=\"totalpoll-form-field-errors\"><\/div><\/div><\/div><\/div><div class=\"totalpoll-form-field-hidden\"><div class=\"totalpoll-form-field totalpoll-form-field-type-hidden totalpoll-column-full\"><div class=\"totalpoll-form-field-wrapper\"><input type=\"hidden\" name=\"totalpoll[action]\" value=\"\" class=\"totalpoll-form-field-input\"><div class=\"totalpoll-form-field-errors\"><\/div><\/div><\/div><\/div><\/div><\/div>\n<div class=\"totalpoll-buttons\">\n\t<\/div>\n<\/form><\/div><\/div><\/div>\n\t\t\t\t\t\t<\/div>\n\t\t\t\t<\/div>\n\t\t\t\t<div class=\"elementor-element elementor-element-41a1e92 sc_fly_static elementor-widget elementor-widget-text-editor\" data-id=\"41a1e92\" data-element_type=\"widget\" data-e-type=\"widget\" data-widget_type=\"text-editor.default\">\n\t\t\t\t<div class=\"elementor-widget-container\">\n\t\t\t\t\t\t\t\t\t<p style=\"text-align: center;\"><span style=\"color: #000000;\">La votaci\u00f3n estar\u00e1 disponible <\/span><br \/><span style=\"color: #000000;\">durante la duraci\u00f3n de Circo Fest 2026<br \/><\/span><span style=\"color: #000000;\"><strong>Desde el 14 y 15 de Marzo de 2026<\/strong><\/span><\/p>\t\t\t\t\t\t\t\t<\/div>\n\t\t\t\t<\/div>\n\t\t\t\t\t<\/div>\n\t\t<\/div>\n\t\t\t\t<div class=\"elementor-column elementor-col-25 elementor-top-column elementor-element elementor-element-ca2e3e7 sc_content_align_inherit sc_layouts_column_icons_position_left sc_fly_static\" data-id=\"ca2e3e7\" data-element_type=\"column\" data-e-type=\"column\">\n\t\t\t<div class=\"elementor-widget-wrap\">\n\t\t\t\t\t\t\t<\/div>\n\t\t<\/div>\n\t\t\t\t\t<\/div>\n\t\t<\/section>\n\t\t\t\t<\/div>\n\t\t","protected":false},"excerpt":{"rendered":"<p>La votaci\u00f3n estar\u00e1 disponible durante la duraci\u00f3n de Circo Fest 2026Desde el 14 y 15 de Marzo de 2026<\/p>\n","protected":false},"author":1,"featured_media":0,"parent":0,"menu_order":0,"comment_status":"closed","ping_status":"closed","template":"","meta":{"nf_dc_page":"","_eb_attr":"","footnotes":""},"class_list":["post-15162","page","type-page","status-publish","hentry"],"yoast_head":"<!-- This site is optimized with the Yoast SEO plugin v27.4 - https:\/\/yoast.com\/product\/yoast-seo-wordpress\/ -->\n<title>Votaci\u00f3n 2026 &#8212; Circo Fest 2026 %<\/title>\n<meta name=\"description\" content=\"\u00a1Lleg\u00f3 el momento de Votar por tu favorito!Elige a tu artista o compa\u00f1\u00eda favoritaDemuestra con tu voto cu\u00e1l es tu preferido.La Votaci\u00f3n comienza el S\u00e1bado, 8 de marzo a las 11:00amy terminar\u00e1 el domingo, 9 de marzo a las 5:00pm*1 Votaci\u00f3n por Persona\u00a1A Votar!\" \/>\n<meta name=\"robots\" content=\"index, follow, max-snippet:-1, max-image-preview:large, max-video-preview:-1\" \/>\n<link rel=\"canonical\" href=\"https:\/\/circofest.com\/stagingsite\/votacion-2026\/\" \/>\n<meta property=\"og:locale\" content=\"es_ES\" \/>\n<meta property=\"og:type\" content=\"article\" \/>\n<meta property=\"og:title\" content=\"Votaci\u00f3n 2026 &#8212; Circo Fest 2026 %\" \/>\n<meta property=\"og:description\" content=\"\u00a1Lleg\u00f3 el momento de Votar por tu favorito!Elige a tu artista o compa\u00f1\u00eda favoritaDemuestra con tu voto cu\u00e1l es tu preferido.La Votaci\u00f3n comienza el S\u00e1bado, 8 de marzo a las 11:00amy terminar\u00e1 el domingo, 9 de marzo a las 5:00pm*1 Votaci\u00f3n por Persona\u00a1A Votar!\" \/>\n<meta property=\"og:url\" content=\"https:\/\/circofest.com\/stagingsite\/votacion-2026\/\" \/>\n<meta property=\"og:site_name\" content=\"Circo Fest 2026\" \/>\n<meta property=\"article:publisher\" content=\"https:\/\/www.facebook.com\/circofest\/\" \/>\n<meta property=\"article:modified_time\" content=\"2026-03-04T00:42:48+00:00\" \/>\n<meta property=\"og:image\" content=\"https:\/\/circofest.com\/stagingsite\/wp-content\/uploads\/2026\/02\/Vota-aqui-.png\" \/>\n\t<meta property=\"og:image:width\" content=\"1000\" \/>\n\t<meta property=\"og:image:height\" content=\"827\" \/>\n\t<meta property=\"og:image:type\" content=\"image\/png\" \/>\n<meta name=\"twitter:card\" content=\"summary_large_image\" \/>\n<meta name=\"twitter:label1\" content=\"Tiempo de lectura\" \/>\n\t<meta name=\"twitter:data1\" content=\"1 minuto\" \/>\n<script type=\"application\/ld+json\" class=\"yoast-schema-graph\">{\"@context\":\"https:\\\/\\\/schema.org\",\"@graph\":[{\"@type\":\"WebPage\",\"@id\":\"https:\\\/\\\/circofest.com\\\/stagingsite\\\/votacion-2026\\\/\",\"url\":\"https:\\\/\\\/circofest.com\\\/stagingsite\\\/votacion-2026\\\/\",\"name\":\"Votaci\u00f3n 2026 &#8212; Circo Fest 2026 %\",\"isPartOf\":{\"@id\":\"https:\\\/\\\/circofest.com\\\/stagingsite\\\/#website\"},\"primaryImageOfPage\":{\"@id\":\"https:\\\/\\\/circofest.com\\\/stagingsite\\\/votacion-2026\\\/#primaryimage\"},\"image\":{\"@id\":\"https:\\\/\\\/circofest.com\\\/stagingsite\\\/votacion-2026\\\/#primaryimage\"},\"thumbnailUrl\":\"https:\\\/\\\/circofest.com\\\/stagingsite\\\/wp-content\\\/uploads\\\/2026\\\/02\\\/Vota-aqui-.png\",\"datePublished\":\"2026-02-07T17:45:57+00:00\",\"dateModified\":\"2026-03-04T00:42:48+00:00\",\"description\":\"\u00a1Lleg\u00f3 el momento de Votar por tu favorito!Elige a tu artista o compa\u00f1\u00eda favoritaDemuestra con tu voto cu\u00e1l es tu preferido.La Votaci\u00f3n comienza el S\u00e1bado, 8 de marzo a las 11:00amy terminar\u00e1 el domingo, 9 de marzo a las 5:00pm*1 Votaci\u00f3n por Persona\u00a1A Votar!\",\"breadcrumb\":{\"@id\":\"https:\\\/\\\/circofest.com\\\/stagingsite\\\/votacion-2026\\\/#breadcrumb\"},\"inLanguage\":\"es\",\"potentialAction\":[{\"@type\":\"ReadAction\",\"target\":[\"https:\\\/\\\/circofest.com\\\/stagingsite\\\/votacion-2026\\\/\"]}]},{\"@type\":\"ImageObject\",\"inLanguage\":\"es\",\"@id\":\"https:\\\/\\\/circofest.com\\\/stagingsite\\\/votacion-2026\\\/#primaryimage\",\"url\":\"https:\\\/\\\/circofest.com\\\/stagingsite\\\/wp-content\\\/uploads\\\/2026\\\/02\\\/Vota-aqui-.png\",\"contentUrl\":\"https:\\\/\\\/circofest.com\\\/stagingsite\\\/wp-content\\\/uploads\\\/2026\\\/02\\\/Vota-aqui-.png\",\"width\":1000,\"height\":827},{\"@type\":\"BreadcrumbList\",\"@id\":\"https:\\\/\\\/circofest.com\\\/stagingsite\\\/votacion-2026\\\/#breadcrumb\",\"itemListElement\":[{\"@type\":\"ListItem\",\"position\":1,\"name\":\"Home\",\"item\":\"https:\\\/\\\/circofest.com\\\/stagingsite\\\/\"},{\"@type\":\"ListItem\",\"position\":2,\"name\":\"Votaci\u00f3n 2026\"}]},{\"@type\":\"WebSite\",\"@id\":\"https:\\\/\\\/circofest.com\\\/stagingsite\\\/#website\",\"url\":\"https:\\\/\\\/circofest.com\\\/stagingsite\\\/\",\"name\":\"Circo Fest 2026\",\"description\":\"Vuelve Circo Fest 2026\",\"publisher\":{\"@id\":\"https:\\\/\\\/circofest.com\\\/stagingsite\\\/#organization\"},\"potentialAction\":[{\"@type\":\"SearchAction\",\"target\":{\"@type\":\"EntryPoint\",\"urlTemplate\":\"https:\\\/\\\/circofest.com\\\/stagingsite\\\/?s={search_term_string}\"},\"query-input\":{\"@type\":\"PropertyValueSpecification\",\"valueRequired\":true,\"valueName\":\"search_term_string\"}}],\"inLanguage\":\"es\"},{\"@type\":\"Organization\",\"@id\":\"https:\\\/\\\/circofest.com\\\/stagingsite\\\/#organization\",\"name\":\"CircoFest\",\"url\":\"https:\\\/\\\/circofest.com\\\/stagingsite\\\/\",\"logo\":{\"@type\":\"ImageObject\",\"inLanguage\":\"es\",\"@id\":\"https:\\\/\\\/circofest.com\\\/stagingsite\\\/#\\\/schema\\\/logo\\\/image\\\/\",\"url\":\"https:\\\/\\\/i0.wp.com\\\/www.circofest.com\\\/CFest\\\/wp-content\\\/uploads\\\/2020\\\/01\\\/2020-small.png?fit=345%2C346&ssl=1\",\"contentUrl\":\"https:\\\/\\\/i0.wp.com\\\/www.circofest.com\\\/CFest\\\/wp-content\\\/uploads\\\/2020\\\/01\\\/2020-small.png?fit=345%2C346&ssl=1\",\"width\":345,\"height\":346,\"caption\":\"CircoFest\"},\"image\":{\"@id\":\"https:\\\/\\\/circofest.com\\\/stagingsite\\\/#\\\/schema\\\/logo\\\/image\\\/\"},\"sameAs\":[\"https:\\\/\\\/www.facebook.com\\\/circofest\\\/\",\"https:\\\/\\\/www.youtube.com\\\/channel\\\/UCSV8Au5Pm08VrTit3UdM97Q\"]}]}<\/script>\n<!-- \/ Yoast SEO plugin. -->","yoast_head_json":{"title":"Votaci\u00f3n 2026 &#8212; Circo Fest 2026 %","description":"\u00a1Lleg\u00f3 el momento de Votar por tu favorito!Elige a tu artista o compa\u00f1\u00eda favoritaDemuestra con tu voto cu\u00e1l es tu preferido.La Votaci\u00f3n comienza el S\u00e1bado, 8 de marzo a las 11:00amy terminar\u00e1 el domingo, 9 de marzo a las 5:00pm*1 Votaci\u00f3n por Persona\u00a1A Votar!","robots":{"index":"index","follow":"follow","max-snippet":"max-snippet:-1","max-image-preview":"max-image-preview:large","max-video-preview":"max-video-preview:-1"},"canonical":"https:\/\/circofest.com\/stagingsite\/votacion-2026\/","og_locale":"es_ES","og_type":"article","og_title":"Votaci\u00f3n 2026 &#8212; Circo Fest 2026 %","og_description":"\u00a1Lleg\u00f3 el momento de Votar por tu favorito!Elige a tu artista o compa\u00f1\u00eda favoritaDemuestra con tu voto cu\u00e1l es tu preferido.La Votaci\u00f3n comienza el S\u00e1bado, 8 de marzo a las 11:00amy terminar\u00e1 el domingo, 9 de marzo a las 5:00pm*1 Votaci\u00f3n por Persona\u00a1A Votar!","og_url":"https:\/\/circofest.com\/stagingsite\/votacion-2026\/","og_site_name":"Circo Fest 2026","article_publisher":"https:\/\/www.facebook.com\/circofest\/","article_modified_time":"2026-03-04T00:42:48+00:00","og_image":[{"width":1000,"height":827,"url":"https:\/\/circofest.com\/stagingsite\/wp-content\/uploads\/2026\/02\/Vota-aqui-.png","type":"image\/png"}],"twitter_card":"summary_large_image","twitter_misc":{"Tiempo de lectura":"1 minuto"},"schema":{"@context":"https:\/\/schema.org","@graph":[{"@type":"WebPage","@id":"https:\/\/circofest.com\/stagingsite\/votacion-2026\/","url":"https:\/\/circofest.com\/stagingsite\/votacion-2026\/","name":"Votaci\u00f3n 2026 &#8212; Circo Fest 2026 %","isPartOf":{"@id":"https:\/\/circofest.com\/stagingsite\/#website"},"primaryImageOfPage":{"@id":"https:\/\/circofest.com\/stagingsite\/votacion-2026\/#primaryimage"},"image":{"@id":"https:\/\/circofest.com\/stagingsite\/votacion-2026\/#primaryimage"},"thumbnailUrl":"https:\/\/circofest.com\/stagingsite\/wp-content\/uploads\/2026\/02\/Vota-aqui-.png","datePublished":"2026-02-07T17:45:57+00:00","dateModified":"2026-03-04T00:42:48+00:00","description":"\u00a1Lleg\u00f3 el momento de Votar por tu favorito!Elige a tu artista o compa\u00f1\u00eda favoritaDemuestra con tu voto cu\u00e1l es tu preferido.La Votaci\u00f3n comienza el S\u00e1bado, 8 de marzo a las 11:00amy terminar\u00e1 el domingo, 9 de marzo a las 5:00pm*1 Votaci\u00f3n por Persona\u00a1A Votar!","breadcrumb":{"@id":"https:\/\/circofest.com\/stagingsite\/votacion-2026\/#breadcrumb"},"inLanguage":"es","potentialAction":[{"@type":"ReadAction","target":["https:\/\/circofest.com\/stagingsite\/votacion-2026\/"]}]},{"@type":"ImageObject","inLanguage":"es","@id":"https:\/\/circofest.com\/stagingsite\/votacion-2026\/#primaryimage","url":"https:\/\/circofest.com\/stagingsite\/wp-content\/uploads\/2026\/02\/Vota-aqui-.png","contentUrl":"https:\/\/circofest.com\/stagingsite\/wp-content\/uploads\/2026\/02\/Vota-aqui-.png","width":1000,"height":827},{"@type":"BreadcrumbList","@id":"https:\/\/circofest.com\/stagingsite\/votacion-2026\/#breadcrumb","itemListElement":[{"@type":"ListItem","position":1,"name":"Home","item":"https:\/\/circofest.com\/stagingsite\/"},{"@type":"ListItem","position":2,"name":"Votaci\u00f3n 2026"}]},{"@type":"WebSite","@id":"https:\/\/circofest.com\/stagingsite\/#website","url":"https:\/\/circofest.com\/stagingsite\/","name":"Circo Fest 2026","description":"Vuelve Circo Fest 2026","publisher":{"@id":"https:\/\/circofest.com\/stagingsite\/#organization"},"potentialAction":[{"@type":"SearchAction","target":{"@type":"EntryPoint","urlTemplate":"https:\/\/circofest.com\/stagingsite\/?s={search_term_string}"},"query-input":{"@type":"PropertyValueSpecification","valueRequired":true,"valueName":"search_term_string"}}],"inLanguage":"es"},{"@type":"Organization","@id":"https:\/\/circofest.com\/stagingsite\/#organization","name":"CircoFest","url":"https:\/\/circofest.com\/stagingsite\/","logo":{"@type":"ImageObject","inLanguage":"es","@id":"https:\/\/circofest.com\/stagingsite\/#\/schema\/logo\/image\/","url":"https:\/\/i0.wp.com\/www.circofest.com\/CFest\/wp-content\/uploads\/2020\/01\/2020-small.png?fit=345%2C346&ssl=1","contentUrl":"https:\/\/i0.wp.com\/www.circofest.com\/CFest\/wp-content\/uploads\/2020\/01\/2020-small.png?fit=345%2C346&ssl=1","width":345,"height":346,"caption":"CircoFest"},"image":{"@id":"https:\/\/circofest.com\/stagingsite\/#\/schema\/logo\/image\/"},"sameAs":["https:\/\/www.facebook.com\/circofest\/","https:\/\/www.youtube.com\/channel\/UCSV8Au5Pm08VrTit3UdM97Q"]}]}},"_links":{"self":[{"href":"https:\/\/circofest.com\/stagingsite\/wp-json\/wp\/v2\/pages\/15162","targetHints":{"allow":["GET"]}}],"collection":[{"href":"https:\/\/circofest.com\/stagingsite\/wp-json\/wp\/v2\/pages"}],"about":[{"href":"https:\/\/circofest.com\/stagingsite\/wp-json\/wp\/v2\/types\/page"}],"author":[{"embeddable":true,"href":"https:\/\/circofest.com\/stagingsite\/wp-json\/wp\/v2\/users\/1"}],"replies":[{"embeddable":true,"href":"https:\/\/circofest.com\/stagingsite\/wp-json\/wp\/v2\/comments?post=15162"}],"version-history":[{"count":5,"href":"https:\/\/circofest.com\/stagingsite\/wp-json\/wp\/v2\/pages\/15162\/revisions"}],"predecessor-version":[{"id":17750,"href":"https:\/\/circofest.com\/stagingsite\/wp-json\/wp\/v2\/pages\/15162\/revisions\/17750"}],"wp:attachment":[{"href":"https:\/\/circofest.com\/stagingsite\/wp-json\/wp\/v2\/media?parent=15162"}],"curies":[{"name":"wp","href":"https:\/\/api.w.org\/{rel}","templated":true}]}}