{"id":5869,"date":"2023-03-02T00:40:25","date_gmt":"2023-03-02T04:40:25","guid":{"rendered":"https:\/\/circofest.com\/stagingsite\/?page_id=5869"},"modified":"2026-03-02T17:41:22","modified_gmt":"2026-03-02T21:41:22","slug":"preguntas","status":"publish","type":"page","link":"https:\/\/circofest.com\/stagingsite\/preguntas\/","title":{"rendered":"Preguntas Frequentes"},"content":{"rendered":"\t\t<div data-elementor-type=\"wp-page\" data-elementor-id=\"5869\" class=\"elementor elementor-5869\">\n\t\t\t\t\t\t<section class=\"elementor-section elementor-top-section elementor-element elementor-element-36c9119 elementor-section-content-top elementor-section-boxed elementor-section-height-default elementor-section-height-default sc_fly_static\" data-id=\"36c9119\" data-element_type=\"section\" data-e-type=\"section\" data-settings=\"{&quot;background_background&quot;:&quot;classic&quot;}\">\n\t\t\t\t\t\t<div class=\"elementor-container elementor-column-gap-extended\">\n\t\t\t\t\t<div class=\"elementor-column elementor-col-100 elementor-top-column elementor-element elementor-element-f094ad7 sc_content_align_inherit sc_layouts_column_icons_position_left sc_fly_static\" data-id=\"f094ad7\" data-element_type=\"column\" data-e-type=\"column\">\n\t\t\t<div class=\"elementor-widget-wrap elementor-element-populated\">\n\t\t\t\t\t\t<div class=\"elementor-element elementor-element-098fc34 sc_fly_static elementor-widget elementor-widget-heading\" data-id=\"098fc34\" data-element_type=\"widget\" data-e-type=\"widget\" data-widget_type=\"heading.default\">\n\t\t\t\t<div class=\"elementor-widget-container\">\n\t\t\t\t\t<h1 class=\"elementor-heading-title elementor-size-default\">Preguntas<\/h1>\t\t\t\t<\/div>\n\t\t\t\t<\/div>\n\t\t\t\t<div class=\"elementor-element elementor-element-d20e551 sc_fly_static elementor-widget elementor-widget-spacer\" data-id=\"d20e551\" data-element_type=\"widget\" data-e-type=\"widget\" data-widget_type=\"spacer.default\">\n\t\t\t\t<div class=\"elementor-widget-container\">\n\t\t\t\t\t\t\t<div class=\"elementor-spacer\">\n\t\t\t<div class=\"elementor-spacer-inner\"><\/div>\n\t\t<\/div>\n\t\t\t\t\t\t<\/div>\n\t\t\t\t<\/div>\n\t\t\t\t<div class=\"elementor-element elementor-element-c0c55af sc_fly_static elementor-widget elementor-widget-toggle\" data-id=\"c0c55af\" data-element_type=\"widget\" data-e-type=\"widget\" data-widget_type=\"toggle.default\">\n\t\t\t\t<div class=\"elementor-widget-container\">\n\t\t\t\t\t\t\t<div class=\"elementor-toggle\">\n\t\t\t\t\t\t\t<div class=\"elementor-toggle-item\">\n\t\t\t\t\t<div id=\"elementor-tab-title-2021\" class=\"elementor-tab-title\" data-tab=\"1\" role=\"button\" aria-controls=\"elementor-tab-content-2021\" aria-expanded=\"false\">\n\t\t\t\t\t\t\t\t\t\t\t\t<span class=\"elementor-toggle-icon elementor-toggle-icon-left\" aria-hidden=\"true\">\n\t\t\t\t\t\t\t\t\t\t\t\t\t\t\t<span class=\"elementor-toggle-icon-closed\"><i class=\"fas fa-caret-right\"><\/i><\/span>\n\t\t\t\t\t\t\t\t<span class=\"elementor-toggle-icon-opened\"><i class=\"elementor-toggle-icon-opened fas fa-caret-up\"><\/i><\/span>\n\t\t\t\t\t\t\t\t\t\t\t\t\t<\/span>\n\t\t\t\t\t\t\t\t\t\t\t\t<a class=\"elementor-toggle-title\" tabindex=\"0\">\u00bfQu\u00e9 es un festival a la gorra?<\/a>\n\t\t\t\t\t<\/div>\n\n\t\t\t\t\t<div id=\"elementor-tab-content-2021\" class=\"elementor-tab-content elementor-clearfix\" data-tab=\"1\" role=\"region\" aria-labelledby=\"elementor-tab-title-2021\"><div><div><span style=\"color: #ff6600; font-family: Montserrat;\">Circo Fest es un festival a la gorra abierto para todo p\u00fablico.<\/span><br \/><span style=\"font-family: Montserrat;\"><span style=\"color: #000000;\">No es necesario pagar una taquilla de entrada para ver las m\u00e1s de 50 presentaciones que tenemos el s\u00e1bado,<br \/>o casi 40 el domingo en Viejo San Juan.<\/span><\/span><br \/><span style=\"font-family: Montserrat;\"><span style=\"color: #000000;\"><br \/>Ser\u00e1n ustedes, nuestr@s seguidor@s, quienes al finalizar cada show podr\u00e1n poner un valor $$ en el sobrero de cada artista.<u><br \/><\/u><\/span><\/span><\/div><\/div><div>\u00a0<\/div><\/div>\n\t\t\t\t<\/div>\n\t\t\t\t\t\t\t<div class=\"elementor-toggle-item\">\n\t\t\t\t\t<div id=\"elementor-tab-title-2022\" class=\"elementor-tab-title\" data-tab=\"2\" role=\"button\" aria-controls=\"elementor-tab-content-2022\" aria-expanded=\"false\">\n\t\t\t\t\t\t\t\t\t\t\t\t<span class=\"elementor-toggle-icon elementor-toggle-icon-left\" aria-hidden=\"true\">\n\t\t\t\t\t\t\t\t\t\t\t\t\t\t\t<span class=\"elementor-toggle-icon-closed\"><i class=\"fas fa-caret-right\"><\/i><\/span>\n\t\t\t\t\t\t\t\t<span class=\"elementor-toggle-icon-opened\"><i class=\"elementor-toggle-icon-opened fas fa-caret-up\"><\/i><\/span>\n\t\t\t\t\t\t\t\t\t\t\t\t\t<\/span>\n\t\t\t\t\t\t\t\t\t\t\t\t<a class=\"elementor-toggle-title\" tabindex=\"0\">\u00bfC\u00f3mo puedo colaborar?<\/a>\n\t\t\t\t\t<\/div>\n\n\t\t\t\t\t<div id=\"elementor-tab-content-2022\" class=\"elementor-tab-content elementor-clearfix\" data-tab=\"2\" role=\"region\" aria-labelledby=\"elementor-tab-title-2022\"><div><span style=\"font-family: Ribeye;\"><strong><span style=\"color: #000000;\">Nuestra campa\u00f1a de recaudaci\u00f3n est\u00e1 abierta todo el a\u00f1o.<\/span><\/strong><\/span><\/div><div>\u00a0<\/div><div><span style=\"font-family: Montserrat;\"><strong><span style=\"color: #000000;\"><span style=\"color: #ff6600;\">ATH M\u00f3vil como ACirc o al 787-210-8427<\/span> <img decoding=\"async\" class=\"alignright wp-image-6048 \" src=\"https:\/\/circofest.com\/stagingsite\/wp-content\/uploads\/2026\/03\/QR-Code-Wix.png\" alt=\"\" width=\"198\" height=\"224\" \/><\/span><\/strong><\/span><\/div><div>\u00a0<\/div><div><span style=\"font-family: Montserrat;\"><strong><span style=\"color: #000000;\"><span style=\"color: #ff6600;\">Paypal:\u00a0<a style=\"color: #ff6600;\" href=\"https:\/\/www.paypal.com\/donate\/?hosted_button_id=SWUCB4CFN39AQ\" target=\"_blank\" rel=\"noopener\">Pay Pal ACIRCPR<\/a>\u00a0<\/span><\/span><\/strong><\/span><\/div><div>\u00a0<\/div><div><span style=\"font-family: Montserrat;\"><strong><span style=\"color: #000000;\"><span style=\"color: #ff6600;\">Cheque a nombre de:<\/span><br \/><span style=\"color: #ff6600;\"> Asociaci\u00f3n ACirc<\/span><br \/>y enviarlo al PO Box 9022573,<br \/>San Juan PR 00902<\/span><\/strong><\/span><\/div><div>\u00a0<\/div><div><span style=\"color: #ff6600; font-family: Montserrat;\"><strong>Dep\u00f3sito directo a nuestra cuenta bancaria:\u00a0<\/strong><\/span><\/div><div><span style=\"color: #ff6600; font-family: Montserrat;\"><strong>First Bank<\/strong><\/span><br \/><span style=\"font-family: Montserrat;\"><strong><span style=\"color: #000000;\">Nombre de la cuenta: Asociaci\u00f3n ACirc, Corp.\u00a0<\/span><\/strong><\/span><br \/><span style=\"font-family: Montserrat;\"><strong><span style=\"color: #000000;\">N\u00famero de cuenta: 0309204368<\/span><\/strong><\/span><br \/><span style=\"font-family: Montserrat;\"><strong><span style=\"color: #000000;\">Ruta y Tr\u00e1nsito: 221571473\u00a0<\/span><\/strong><\/span><br \/><span style=\"font-family: Montserrat;\"><strong><span style=\"color: #000000;\">C\u00f3digo Swift: FBPRPRSJ<\/span><\/strong><\/span><\/div><\/div>\n\t\t\t\t<\/div>\n\t\t\t\t\t\t\t<div class=\"elementor-toggle-item\">\n\t\t\t\t\t<div id=\"elementor-tab-title-2023\" class=\"elementor-tab-title\" data-tab=\"3\" role=\"button\" aria-controls=\"elementor-tab-content-2023\" aria-expanded=\"false\">\n\t\t\t\t\t\t\t\t\t\t\t\t<span class=\"elementor-toggle-icon elementor-toggle-icon-left\" aria-hidden=\"true\">\n\t\t\t\t\t\t\t\t\t\t\t\t\t\t\t<span class=\"elementor-toggle-icon-closed\"><i class=\"fas fa-caret-right\"><\/i><\/span>\n\t\t\t\t\t\t\t\t<span class=\"elementor-toggle-icon-opened\"><i class=\"elementor-toggle-icon-opened fas fa-caret-up\"><\/i><\/span>\n\t\t\t\t\t\t\t\t\t\t\t\t\t<\/span>\n\t\t\t\t\t\t\t\t\t\t\t\t<a class=\"elementor-toggle-title\" tabindex=\"0\">\u00bfC\u00f3mo llegar al festival?<\/a>\n\t\t\t\t\t<\/div>\n\n\t\t\t\t\t<div id=\"elementor-tab-content-2023\" class=\"elementor-tab-content elementor-clearfix\" data-tab=\"3\" role=\"region\" aria-labelledby=\"elementor-tab-title-2023\"><p><span style=\"font-family: ultra; color: #ff9900;\">Tren Urbano\u00a0<\/span><\/p><ul><li><p><strong><span style=\"color: #000000;\">Ida y vuelta con tarjeta de tren urbano.<\/span><\/strong><\/p><p><span style=\"color: #000000;\">Frecuencia 16 min.\u00a0<\/span><span style=\"color: #000000;\">Saliendo desde Sagrado Coraz\u00f3n pueden tomar las siguientes rutas (ambas llegan al Terminal de Covadonga en Viejo San Juan):\u00a0\u00a0<\/span><\/p><p><span style=\"color: #000000;\">Horario: 6:00 am a 11:00 pm<\/span><\/p><p><span style=\"color: #000000;\">Frecuencia: cada 20 minutos, aproximadamente<\/span><\/p><\/li><\/ul><p><span style=\"font-family: ultra; color: #ff9900;\">Autobus:<\/span><\/p><p><span style=\"color: #000000;\">Saliendo desde Sagrado Coraz\u00f3n pueden tomar las siguientes rutas <br \/>(ambas llegan al Terminal de Covadonga en Viejo San Juan):\u00a0\u00a0<\/span><\/p><p style=\"padding-left: 40px;\"><span style=\"color: #000000;\"><strong>T-3<\/strong><br \/><\/span><span style=\"color: #000000;\">Horario: 6:00 am a 11:00 pm<br \/><\/span><span style=\"color: #000000;\">Frecuencia: cada 20 minutos, aprox<\/span><\/p><p style=\"padding-left: 40px;\"><strong><span style=\"color: #000000;\">E-10<\/span><\/strong><\/p><p style=\"padding-left: 40px;\"><span style=\"color: #000000;\">Horario:\u00a0 11:00 am a 11:00 pm<br \/><\/span><span style=\"color: #000000;\">Frecuencia: 20-25 minutos, aprox<\/span><\/p><p><span style=\"font-family: ultra;\"><span style=\"color: #ff9900;\">Lanchas de Cata\u00f1o a San Juan<\/span> <br \/>(ida y vuelta)<\/span><\/p><ul><li style=\"list-style-type: none;\"><ul><li><p><b>Horario: 7am a 7pm<\/b><\/p><p><b>Frecuencia: 30 min<\/b><\/p><\/li><\/ul><\/li><\/ul><\/div>\n\t\t\t\t<\/div>\n\t\t\t\t\t\t\t<div class=\"elementor-toggle-item\">\n\t\t\t\t\t<div id=\"elementor-tab-title-2024\" class=\"elementor-tab-title\" data-tab=\"4\" role=\"button\" aria-controls=\"elementor-tab-content-2024\" aria-expanded=\"false\">\n\t\t\t\t\t\t\t\t\t\t\t\t<span class=\"elementor-toggle-icon elementor-toggle-icon-left\" aria-hidden=\"true\">\n\t\t\t\t\t\t\t\t\t\t\t\t\t\t\t<span class=\"elementor-toggle-icon-closed\"><i class=\"fas fa-caret-right\"><\/i><\/span>\n\t\t\t\t\t\t\t\t<span class=\"elementor-toggle-icon-opened\"><i class=\"elementor-toggle-icon-opened fas fa-caret-up\"><\/i><\/span>\n\t\t\t\t\t\t\t\t\t\t\t\t\t<\/span>\n\t\t\t\t\t\t\t\t\t\t\t\t<a class=\"elementor-toggle-title\" tabindex=\"0\">\u00bfD\u00f3nde estacionarse?<\/a>\n\t\t\t\t\t<\/div>\n\n\t\t\t\t\t<div id=\"elementor-tab-content-2024\" class=\"elementor-tab-content elementor-clearfix\" data-tab=\"4\" role=\"region\" aria-labelledby=\"elementor-tab-title-2024\"><ul><li><div><span style=\"color: #ff0000; font-family: Montserrat;\"><strong>En el Viejo San Juan\u00a0<u>no<\/u>\u00a0se puede estacionar en las calles reservadas para \u201cparking de residentes\u201d.<img fetchpriority=\"high\" decoding=\"async\" class=\"alignright wp-image-6678 size-medium\" src=\"https:\/\/circofest.com\/stagingsite\/wp-content\/uploads\/2026\/03\/Cartel-No-estacione.jpg\" alt=\"\" width=\"300\" height=\"250\" \/><\/strong><\/span><\/div><div><span style=\"font-family: Montserrat;\"><span style=\"color: #000000;\">Las mismas no est\u00e1n muy bien se\u00f1alizadas y la sanci\u00f3n es de $250!!!.<br \/>Si parkeas en la calle aseg\u00farate que no haya un cartel en la esquina que lo proh\u00edba.<\/span><\/span><\/div><\/li><\/ul><div><span style=\"font-family: Montserrat;\"><img decoding=\"async\" class=\"alignnone size-full wp-image-6677\" src=\"https:\/\/circofest.com\/stagingsite\/wp-content\/uploads\/2026\/03\/Mapa-Calles-No-estacione.jpg\" alt=\"\" width=\"1664\" height=\"1386\" \/><\/span><\/div><div><p><span style=\"font-family: Montserrat;\"><strong><span style=\"color: #000000;\"><span style=\"color: #ff6600;\">En Viejo San Juan:<\/span><br \/><\/span><\/strong><\/span><\/p><div><ul><li><span style=\"font-family: Montserrat;\"><span style=\"color: #000000;\">Parking Ballaj\u00e1<\/span><\/span><\/li><li><span style=\"font-family: Montserrat;\"><span style=\"color: #000000;\">Do\u00f1a Fela<\/span><\/span><\/li><li><span style=\"font-family: Montserrat;\"><span style=\"color: #000000;\">Covadonga<\/span><\/span><\/li><li><span style=\"font-family: Montserrat;\"><span style=\"color: #000000;\">La Puntilla<\/span><\/span><\/li><li><span style=\"font-family: Montserrat;\"><span style=\"color: #000000;\">La Cochera<\/span><\/span><\/li><\/ul><div><div><span style=\"color: #ff6600; font-family: Montserrat;\"><strong>En R\u00edo\u00a0Piedras:<\/strong><\/span><\/div><\/div><ul><li><span style=\"font-family: Montserrat;\"><span style=\"color: #000000;\">Plaza de la Convalecencia, Rio Piedras (para luego utilizar el tren urbano y AMA)<\/span><\/span><\/li><\/ul><\/div><\/div><\/div>\n\t\t\t\t<\/div>\n\t\t\t\t\t\t\t<div class=\"elementor-toggle-item\">\n\t\t\t\t\t<div id=\"elementor-tab-title-2025\" class=\"elementor-tab-title\" data-tab=\"5\" role=\"button\" aria-controls=\"elementor-tab-content-2025\" aria-expanded=\"false\">\n\t\t\t\t\t\t\t\t\t\t\t\t<span class=\"elementor-toggle-icon elementor-toggle-icon-left\" aria-hidden=\"true\">\n\t\t\t\t\t\t\t\t\t\t\t\t\t\t\t<span class=\"elementor-toggle-icon-closed\"><i class=\"fas fa-caret-right\"><\/i><\/span>\n\t\t\t\t\t\t\t\t<span class=\"elementor-toggle-icon-opened\"><i class=\"elementor-toggle-icon-opened fas fa-caret-up\"><\/i><\/span>\n\t\t\t\t\t\t\t\t\t\t\t\t\t<\/span>\n\t\t\t\t\t\t\t\t\t\t\t\t<a class=\"elementor-toggle-title\" tabindex=\"0\">\u00bfD\u00f3nde Comer?<\/a>\n\t\t\t\t\t<\/div>\n\n\t\t\t\t\t<div id=\"elementor-tab-content-2025\" class=\"elementor-tab-content elementor-clearfix\" data-tab=\"5\" role=\"region\" aria-labelledby=\"elementor-tab-title-2025\"><p><img loading=\"lazy\" decoding=\"async\" class=\"size-full wp-image-17149 aligncenter\" src=\"https:\/\/circofest.com\/stagingsite\/wp-content\/uploads\/2026\/02\/Restaurant-VSJ.jpg\" alt=\"\" width=\"980\" height=\"2000\" srcset=\"https:\/\/circofest.com\/stagingsite\/wp-content\/uploads\/2026\/02\/Restaurant-VSJ.jpg 980w, https:\/\/circofest.com\/stagingsite\/wp-content\/uploads\/2026\/02\/Restaurant-VSJ-147x300.jpg 147w, https:\/\/circofest.com\/stagingsite\/wp-content\/uploads\/2026\/02\/Restaurant-VSJ-502x1024.jpg 502w, https:\/\/circofest.com\/stagingsite\/wp-content\/uploads\/2026\/02\/Restaurant-VSJ-768x1567.jpg 768w, https:\/\/circofest.com\/stagingsite\/wp-content\/uploads\/2026\/02\/Restaurant-VSJ-753x1536.jpg 753w, https:\/\/circofest.com\/stagingsite\/wp-content\/uploads\/2026\/02\/Restaurant-VSJ-370x755.jpg 370w, https:\/\/circofest.com\/stagingsite\/wp-content\/uploads\/2026\/02\/Restaurant-VSJ-840x1714.jpg 840w, https:\/\/circofest.com\/stagingsite\/wp-content\/uploads\/2026\/02\/Restaurant-VSJ-410x837.jpg 410w, https:\/\/circofest.com\/stagingsite\/wp-content\/uploads\/2026\/02\/Restaurant-VSJ-600x1224.jpg 600w\" sizes=\"(max-width: 980px) 100vw, 980px\" \/><\/p><\/div>\n\t\t\t\t<\/div>\n\t\t\t\t\t\t\t<div class=\"elementor-toggle-item\">\n\t\t\t\t\t<div id=\"elementor-tab-title-2026\" class=\"elementor-tab-title\" data-tab=\"6\" role=\"button\" aria-controls=\"elementor-tab-content-2026\" aria-expanded=\"false\">\n\t\t\t\t\t\t\t\t\t\t\t\t<span class=\"elementor-toggle-icon elementor-toggle-icon-left\" aria-hidden=\"true\">\n\t\t\t\t\t\t\t\t\t\t\t\t\t\t\t<span class=\"elementor-toggle-icon-closed\"><i class=\"fas fa-caret-right\"><\/i><\/span>\n\t\t\t\t\t\t\t\t<span class=\"elementor-toggle-icon-opened\"><i class=\"elementor-toggle-icon-opened fas fa-caret-up\"><\/i><\/span>\n\t\t\t\t\t\t\t\t\t\t\t\t\t<\/span>\n\t\t\t\t\t\t\t\t\t\t\t\t<a class=\"elementor-toggle-title\" tabindex=\"0\">Comercio VSJ<\/a>\n\t\t\t\t\t<\/div>\n\n\t\t\t\t\t<div id=\"elementor-tab-content-2026\" class=\"elementor-tab-content elementor-clearfix\" data-tab=\"6\" role=\"region\" aria-labelledby=\"elementor-tab-title-2026\"><p><img loading=\"lazy\" decoding=\"async\" class=\"size-full wp-image-17144 aligncenter\" src=\"https:\/\/circofest.com\/stagingsite\/wp-content\/uploads\/2026\/02\/CF26_Comercios-VSJ.jpg\" alt=\"\" width=\"980\" height=\"903\" srcset=\"https:\/\/circofest.com\/stagingsite\/wp-content\/uploads\/2026\/02\/CF26_Comercios-VSJ.jpg 980w, https:\/\/circofest.com\/stagingsite\/wp-content\/uploads\/2026\/02\/CF26_Comercios-VSJ-300x276.jpg 300w, https:\/\/circofest.com\/stagingsite\/wp-content\/uploads\/2026\/02\/CF26_Comercios-VSJ-768x708.jpg 768w, https:\/\/circofest.com\/stagingsite\/wp-content\/uploads\/2026\/02\/CF26_Comercios-VSJ-370x341.jpg 370w, https:\/\/circofest.com\/stagingsite\/wp-content\/uploads\/2026\/02\/CF26_Comercios-VSJ-840x774.jpg 840w, https:\/\/circofest.com\/stagingsite\/wp-content\/uploads\/2026\/02\/CF26_Comercios-VSJ-410x378.jpg 410w, https:\/\/circofest.com\/stagingsite\/wp-content\/uploads\/2026\/02\/CF26_Comercios-VSJ-600x553.jpg 600w\" sizes=\"(max-width: 980px) 100vw, 980px\" \/><\/p><\/div>\n\t\t\t\t<\/div>\n\t\t\t\t\t\t\t\t<\/div>\n\t\t\t\t\t\t<\/div>\n\t\t\t\t<\/div>\n\t\t\t\t\t<\/div>\n\t\t<\/div>\n\t\t\t\t\t<\/div>\n\t\t<\/section>\n\t\t\t\t<\/div>\n\t\t","protected":false},"excerpt":{"rendered":"<p>Preguntas \u00bfQu\u00e9 es un festival a la gorra? Circo Fest es un festival a la gorra abierto para todo p\u00fablico.No es necesario pagar una taquilla de entrada para ver las&hellip;<\/p>\n","protected":false},"author":1,"featured_media":0,"parent":0,"menu_order":0,"comment_status":"closed","ping_status":"closed","template":"","meta":{"nf_dc_page":"","_eb_attr":"","footnotes":""},"class_list":["post-5869","page","type-page","status-publish","hentry"],"yoast_head":"<!-- This site is optimized with the Yoast SEO plugin v27.4 - https:\/\/yoast.com\/product\/yoast-seo-wordpress\/ -->\n<title>Preguntas Frequentes &#8212; Circo Fest 2026<\/title>\n<meta name=\"robots\" content=\"index, follow, max-snippet:-1, max-image-preview:large, max-video-preview:-1\" \/>\n<link rel=\"canonical\" href=\"https:\/\/circofest.com\/stagingsite\/preguntas\/\" \/>\n<meta property=\"og:locale\" content=\"es_ES\" \/>\n<meta property=\"og:type\" content=\"article\" \/>\n<meta property=\"og:title\" content=\"Preguntas Frequentes &#8212; Circo Fest 2026\" \/>\n<meta property=\"og:description\" content=\"Preguntas \u00bfQu\u00e9 es un festival a la gorra? Circo Fest es un festival a la gorra abierto para todo p\u00fablico.No es necesario pagar una taquilla de entrada para ver las&hellip;\" \/>\n<meta property=\"og:url\" content=\"https:\/\/circofest.com\/stagingsite\/preguntas\/\" \/>\n<meta property=\"og:site_name\" content=\"Circo Fest 2026\" \/>\n<meta property=\"article:publisher\" content=\"https:\/\/www.facebook.com\/circofest\/\" \/>\n<meta property=\"article:modified_time\" content=\"2026-03-02T21:41:22+00:00\" \/>\n<meta property=\"og:image\" content=\"https:\/\/circofest.com\/stagingsite\/wp-content\/uploads\/2023\/03\/ATH-MOVIL-QR-Code-2.png\" \/>\n\t<meta property=\"og:image:width\" content=\"259\" \/>\n\t<meta property=\"og:image:height\" content=\"404\" \/>\n\t<meta property=\"og:image:type\" content=\"image\/png\" \/>\n<meta name=\"twitter:card\" content=\"summary_large_image\" \/>\n<meta name=\"twitter:label1\" content=\"Tiempo de lectura\" \/>\n\t<meta name=\"twitter:data1\" content=\"3 minutos\" \/>\n<script type=\"application\/ld+json\" class=\"yoast-schema-graph\">{\"@context\":\"https:\\\/\\\/schema.org\",\"@graph\":[{\"@type\":\"WebPage\",\"@id\":\"https:\\\/\\\/circofest.com\\\/stagingsite\\\/preguntas\\\/\",\"url\":\"https:\\\/\\\/circofest.com\\\/stagingsite\\\/preguntas\\\/\",\"name\":\"Preguntas Frequentes &#8212; Circo Fest 2026\",\"isPartOf\":{\"@id\":\"https:\\\/\\\/circofest.com\\\/stagingsite\\\/#website\"},\"primaryImageOfPage\":{\"@id\":\"https:\\\/\\\/circofest.com\\\/stagingsite\\\/preguntas\\\/#primaryimage\"},\"image\":{\"@id\":\"https:\\\/\\\/circofest.com\\\/stagingsite\\\/preguntas\\\/#primaryimage\"},\"thumbnailUrl\":\"https:\\\/\\\/circofest.com\\\/stagingsite\\\/wp-content\\\/uploads\\\/2026\\\/03\\\/QR-Code-Wix.png\",\"datePublished\":\"2023-03-02T04:40:25+00:00\",\"dateModified\":\"2026-03-02T21:41:22+00:00\",\"breadcrumb\":{\"@id\":\"https:\\\/\\\/circofest.com\\\/stagingsite\\\/preguntas\\\/#breadcrumb\"},\"inLanguage\":\"es\",\"potentialAction\":[{\"@type\":\"ReadAction\",\"target\":[\"https:\\\/\\\/circofest.com\\\/stagingsite\\\/preguntas\\\/\"]}]},{\"@type\":\"ImageObject\",\"inLanguage\":\"es\",\"@id\":\"https:\\\/\\\/circofest.com\\\/stagingsite\\\/preguntas\\\/#primaryimage\",\"url\":\"https:\\\/\\\/circofest.com\\\/stagingsite\\\/wp-content\\\/uploads\\\/2023\\\/03\\\/ATH-MOVIL-QR-Code-2.png\",\"contentUrl\":\"https:\\\/\\\/circofest.com\\\/stagingsite\\\/wp-content\\\/uploads\\\/2023\\\/03\\\/ATH-MOVIL-QR-Code-2.png\",\"width\":259,\"height\":404},{\"@type\":\"BreadcrumbList\",\"@id\":\"https:\\\/\\\/circofest.com\\\/stagingsite\\\/preguntas\\\/#breadcrumb\",\"itemListElement\":[{\"@type\":\"ListItem\",\"position\":1,\"name\":\"Home\",\"item\":\"https:\\\/\\\/circofest.com\\\/stagingsite\\\/\"},{\"@type\":\"ListItem\",\"position\":2,\"name\":\"Preguntas Frequentes\"}]},{\"@type\":\"WebSite\",\"@id\":\"https:\\\/\\\/circofest.com\\\/stagingsite\\\/#website\",\"url\":\"https:\\\/\\\/circofest.com\\\/stagingsite\\\/\",\"name\":\"Circo Fest 2026\",\"description\":\"Vuelve Circo Fest 2026\",\"publisher\":{\"@id\":\"https:\\\/\\\/circofest.com\\\/stagingsite\\\/#organization\"},\"potentialAction\":[{\"@type\":\"SearchAction\",\"target\":{\"@type\":\"EntryPoint\",\"urlTemplate\":\"https:\\\/\\\/circofest.com\\\/stagingsite\\\/?s={search_term_string}\"},\"query-input\":{\"@type\":\"PropertyValueSpecification\",\"valueRequired\":true,\"valueName\":\"search_term_string\"}}],\"inLanguage\":\"es\"},{\"@type\":\"Organization\",\"@id\":\"https:\\\/\\\/circofest.com\\\/stagingsite\\\/#organization\",\"name\":\"CircoFest\",\"url\":\"https:\\\/\\\/circofest.com\\\/stagingsite\\\/\",\"logo\":{\"@type\":\"ImageObject\",\"inLanguage\":\"es\",\"@id\":\"https:\\\/\\\/circofest.com\\\/stagingsite\\\/#\\\/schema\\\/logo\\\/image\\\/\",\"url\":\"https:\\\/\\\/i0.wp.com\\\/www.circofest.com\\\/CFest\\\/wp-content\\\/uploads\\\/2020\\\/01\\\/2020-small.png?fit=345%2C346&ssl=1\",\"contentUrl\":\"https:\\\/\\\/i0.wp.com\\\/www.circofest.com\\\/CFest\\\/wp-content\\\/uploads\\\/2020\\\/01\\\/2020-small.png?fit=345%2C346&ssl=1\",\"width\":345,\"height\":346,\"caption\":\"CircoFest\"},\"image\":{\"@id\":\"https:\\\/\\\/circofest.com\\\/stagingsite\\\/#\\\/schema\\\/logo\\\/image\\\/\"},\"sameAs\":[\"https:\\\/\\\/www.facebook.com\\\/circofest\\\/\",\"https:\\\/\\\/www.youtube.com\\\/channel\\\/UCSV8Au5Pm08VrTit3UdM97Q\"]}]}<\/script>\n<!-- \/ Yoast SEO plugin. -->","yoast_head_json":{"title":"Preguntas Frequentes &#8212; Circo Fest 2026","robots":{"index":"index","follow":"follow","max-snippet":"max-snippet:-1","max-image-preview":"max-image-preview:large","max-video-preview":"max-video-preview:-1"},"canonical":"https:\/\/circofest.com\/stagingsite\/preguntas\/","og_locale":"es_ES","og_type":"article","og_title":"Preguntas Frequentes &#8212; Circo Fest 2026","og_description":"Preguntas \u00bfQu\u00e9 es un festival a la gorra? Circo Fest es un festival a la gorra abierto para todo p\u00fablico.No es necesario pagar una taquilla de entrada para ver las&hellip;","og_url":"https:\/\/circofest.com\/stagingsite\/preguntas\/","og_site_name":"Circo Fest 2026","article_publisher":"https:\/\/www.facebook.com\/circofest\/","article_modified_time":"2026-03-02T21:41:22+00:00","og_image":[{"width":259,"height":404,"url":"https:\/\/circofest.com\/stagingsite\/wp-content\/uploads\/2023\/03\/ATH-MOVIL-QR-Code-2.png","type":"image\/png"}],"twitter_card":"summary_large_image","twitter_misc":{"Tiempo de lectura":"3 minutos"},"schema":{"@context":"https:\/\/schema.org","@graph":[{"@type":"WebPage","@id":"https:\/\/circofest.com\/stagingsite\/preguntas\/","url":"https:\/\/circofest.com\/stagingsite\/preguntas\/","name":"Preguntas Frequentes &#8212; Circo Fest 2026","isPartOf":{"@id":"https:\/\/circofest.com\/stagingsite\/#website"},"primaryImageOfPage":{"@id":"https:\/\/circofest.com\/stagingsite\/preguntas\/#primaryimage"},"image":{"@id":"https:\/\/circofest.com\/stagingsite\/preguntas\/#primaryimage"},"thumbnailUrl":"https:\/\/circofest.com\/stagingsite\/wp-content\/uploads\/2026\/03\/QR-Code-Wix.png","datePublished":"2023-03-02T04:40:25+00:00","dateModified":"2026-03-02T21:41:22+00:00","breadcrumb":{"@id":"https:\/\/circofest.com\/stagingsite\/preguntas\/#breadcrumb"},"inLanguage":"es","potentialAction":[{"@type":"ReadAction","target":["https:\/\/circofest.com\/stagingsite\/preguntas\/"]}]},{"@type":"ImageObject","inLanguage":"es","@id":"https:\/\/circofest.com\/stagingsite\/preguntas\/#primaryimage","url":"https:\/\/circofest.com\/stagingsite\/wp-content\/uploads\/2023\/03\/ATH-MOVIL-QR-Code-2.png","contentUrl":"https:\/\/circofest.com\/stagingsite\/wp-content\/uploads\/2023\/03\/ATH-MOVIL-QR-Code-2.png","width":259,"height":404},{"@type":"BreadcrumbList","@id":"https:\/\/circofest.com\/stagingsite\/preguntas\/#breadcrumb","itemListElement":[{"@type":"ListItem","position":1,"name":"Home","item":"https:\/\/circofest.com\/stagingsite\/"},{"@type":"ListItem","position":2,"name":"Preguntas Frequentes"}]},{"@type":"WebSite","@id":"https:\/\/circofest.com\/stagingsite\/#website","url":"https:\/\/circofest.com\/stagingsite\/","name":"Circo Fest 2026","description":"Vuelve Circo Fest 2026","publisher":{"@id":"https:\/\/circofest.com\/stagingsite\/#organization"},"potentialAction":[{"@type":"SearchAction","target":{"@type":"EntryPoint","urlTemplate":"https:\/\/circofest.com\/stagingsite\/?s={search_term_string}"},"query-input":{"@type":"PropertyValueSpecification","valueRequired":true,"valueName":"search_term_string"}}],"inLanguage":"es"},{"@type":"Organization","@id":"https:\/\/circofest.com\/stagingsite\/#organization","name":"CircoFest","url":"https:\/\/circofest.com\/stagingsite\/","logo":{"@type":"ImageObject","inLanguage":"es","@id":"https:\/\/circofest.com\/stagingsite\/#\/schema\/logo\/image\/","url":"https:\/\/i0.wp.com\/www.circofest.com\/CFest\/wp-content\/uploads\/2020\/01\/2020-small.png?fit=345%2C346&ssl=1","contentUrl":"https:\/\/i0.wp.com\/www.circofest.com\/CFest\/wp-content\/uploads\/2020\/01\/2020-small.png?fit=345%2C346&ssl=1","width":345,"height":346,"caption":"CircoFest"},"image":{"@id":"https:\/\/circofest.com\/stagingsite\/#\/schema\/logo\/image\/"},"sameAs":["https:\/\/www.facebook.com\/circofest\/","https:\/\/www.youtube.com\/channel\/UCSV8Au5Pm08VrTit3UdM97Q"]}]}},"_links":{"self":[{"href":"https:\/\/circofest.com\/stagingsite\/wp-json\/wp\/v2\/pages\/5869","targetHints":{"allow":["GET"]}}],"collection":[{"href":"https:\/\/circofest.com\/stagingsite\/wp-json\/wp\/v2\/pages"}],"about":[{"href":"https:\/\/circofest.com\/stagingsite\/wp-json\/wp\/v2\/types\/page"}],"author":[{"embeddable":true,"href":"https:\/\/circofest.com\/stagingsite\/wp-json\/wp\/v2\/users\/1"}],"replies":[{"embeddable":true,"href":"https:\/\/circofest.com\/stagingsite\/wp-json\/wp\/v2\/comments?post=5869"}],"version-history":[{"count":5,"href":"https:\/\/circofest.com\/stagingsite\/wp-json\/wp\/v2\/pages\/5869\/revisions"}],"predecessor-version":[{"id":17717,"href":"https:\/\/circofest.com\/stagingsite\/wp-json\/wp\/v2\/pages\/5869\/revisions\/17717"}],"wp:attachment":[{"href":"https:\/\/circofest.com\/stagingsite\/wp-json\/wp\/v2\/media?parent=5869"}],"curies":[{"name":"wp","href":"https:\/\/api.w.org\/{rel}","templated":true}]}}