{"id":5926,"date":"2025-09-14T18:37:17","date_gmt":"2025-09-14T22:37:17","guid":{"rendered":"https:\/\/circofest.com\/stagingsite\/?page_id=5926"},"modified":"2025-09-27T13:21:11","modified_gmt":"2025-09-27T17:21:11","slug":"contacto","status":"publish","type":"page","link":"https:\/\/circofest.com\/stagingsite\/contacto\/","title":{"rendered":"Contacto"},"content":{"rendered":"\t\t<div data-elementor-type=\"wp-page\" data-elementor-id=\"5926\" class=\"elementor elementor-5926\">\n\t\t\t\t\t\t<section class=\"elementor-section elementor-top-section elementor-element elementor-element-0865747 elementor-section-boxed elementor-section-height-default elementor-section-height-default sc_fly_static\" data-id=\"0865747\" data-element_type=\"section\" data-e-type=\"section\">\n\t\t\t\t\t\t<div class=\"elementor-container elementor-column-gap-extended\">\n\t\t\t\t\t<div class=\"elementor-column elementor-col-50 elementor-top-column elementor-element elementor-element-0782386 sc_content_align_inherit sc_layouts_column_icons_position_left sc_fly_static\" data-id=\"0782386\" data-element_type=\"column\" data-e-type=\"column\">\n\t\t\t<div class=\"elementor-widget-wrap elementor-element-populated\">\n\t\t\t\t\t\t<div class=\"elementor-element elementor-element-8d2d98c sc_fly_static elementor-widget elementor-widget-text-editor\" data-id=\"8d2d98c\" data-element_type=\"widget\" data-e-type=\"widget\" data-widget_type=\"text-editor.default\">\n\t\t\t\t<div class=\"elementor-widget-container\">\n\t\t\t\t\t\t\t\t\t<div><span style=\"color: #ff6600; font-family: ultra;\">Direcci\u00f3n F\u00edsica<\/span><br \/><span style=\"color: #000000; font-family: helvetica;\">1 Calle San Sebasti\u00e1n\u00a0<\/span><br \/><span style=\"color: #000000; font-family: helvetica;\">San Juan, PR 00901\u00a0<\/span><\/div><div><span style=\"color: #000000; font-family: helvetica;\">TEL\u00c9FONO 939-260-8346<\/span><span style=\"color: #000000;\"><strong><br \/><\/strong><\/span><\/div>\t\t\t\t\t\t\t\t<\/div>\n\t\t\t\t<\/div>\n\t\t\t\t\t<\/div>\n\t\t<\/div>\n\t\t\t\t<div class=\"elementor-column elementor-col-50 elementor-top-column elementor-element elementor-element-145c4e9 sc_content_align_inherit sc_layouts_column_icons_position_left sc_fly_static\" data-id=\"145c4e9\" data-element_type=\"column\" data-e-type=\"column\">\n\t\t\t<div class=\"elementor-widget-wrap elementor-element-populated\">\n\t\t\t\t\t\t<div class=\"elementor-element elementor-element-517cf41 sc_fly_static elementor-widget elementor-widget-text-editor\" data-id=\"517cf41\" data-element_type=\"widget\" data-e-type=\"widget\" data-widget_type=\"text-editor.default\">\n\t\t\t\t<div class=\"elementor-widget-container\">\n\t\t\t\t\t\t\t\t\t<div><span style=\"font-family: ultra; color: #ff6600;\"><span style=\"font-size: 17px; background-color: var(--theme-color-bg_color); letter-spacing: -0.36px;\">Direcci\u00f3n Postal:<\/span><\/span><\/div><div><span style=\"color: #000000; font-family: helvetica;\">PO Box 9022573, SJ, PR, 00902-2573\u00a0<\/span><\/div><div>\u00a0<\/div><div><span style=\"color: #000000; font-family: helvetica;\">CORREO-E:<span style=\"color: #ff6600;\">\u00a0<a style=\"color: #ff6600;\" href=\"mailto:info@acircpr.com\" target=\"_blank\" rel=\"noopener\">info@acircpr.com<\/a><\/span><\/span><\/div>\t\t\t\t\t\t\t\t<\/div>\n\t\t\t\t<\/div>\n\t\t\t\t\t<\/div>\n\t\t<\/div>\n\t\t\t\t\t<\/div>\n\t\t<\/section>\n\t\t\t\t<section class=\"elementor-section elementor-top-section elementor-element elementor-element-5914bf2 elementor-section-boxed elementor-section-height-default elementor-section-height-default sc_fly_static\" data-id=\"5914bf2\" data-element_type=\"section\" data-e-type=\"section\">\n\t\t\t\t\t\t<div class=\"elementor-container elementor-column-gap-extended\">\n\t\t\t\t\t<div class=\"elementor-column elementor-col-100 elementor-top-column elementor-element elementor-element-1c74063 sc_content_align_inherit sc_layouts_column_icons_position_left sc_fly_static\" data-id=\"1c74063\" data-element_type=\"column\" data-e-type=\"column\">\n\t\t\t<div class=\"elementor-widget-wrap elementor-element-populated\">\n\t\t\t\t\t\t<div class=\"elementor-element elementor-element-e5c026f sc_fly_static elementor-widget elementor-widget-spacer\" data-id=\"e5c026f\" data-element_type=\"widget\" data-e-type=\"widget\" data-widget_type=\"spacer.default\">\n\t\t\t\t<div class=\"elementor-widget-container\">\n\t\t\t\t\t\t\t<div class=\"elementor-spacer\">\n\t\t\t<div class=\"elementor-spacer-inner\"><\/div>\n\t\t<\/div>\n\t\t\t\t\t\t<\/div>\n\t\t\t\t<\/div>\n\t\t\t\t\t<\/div>\n\t\t<\/div>\n\t\t\t\t\t<\/div>\n\t\t<\/section>\n\t\t\t\t<section class=\"elementor-section elementor-top-section elementor-element elementor-element-52aea53 elementor-section-boxed elementor-section-height-default elementor-section-height-default sc_fly_static\" data-id=\"52aea53\" data-element_type=\"section\" data-e-type=\"section\">\n\t\t\t\t\t\t<div class=\"elementor-container elementor-column-gap-extended\">\n\t\t\t\t\t<div class=\"elementor-column elementor-col-100 elementor-top-column elementor-element elementor-element-226815e sc_content_align_inherit sc_layouts_column_icons_position_left sc_fly_static\" data-id=\"226815e\" data-element_type=\"column\" data-e-type=\"column\">\n\t\t\t<div class=\"elementor-widget-wrap elementor-element-populated\">\n\t\t\t\t\t\t<div class=\"elementor-element elementor-element-45a14e2 sc_fly_static elementor-widget elementor-widget-trx_sc_contact_form_7\" data-id=\"45a14e2\" data-element_type=\"widget\" data-e-type=\"widget\" data-widget_type=\"trx_sc_contact_form_7.default\">\n\t\t\t\t<div class=\"elementor-widget-container\">\n\t\t\t\t\t\n<div class=\"wpcf7 no-js\" id=\"wpcf7-f32-o1\" lang=\"en-US\" dir=\"ltr\" data-wpcf7-id=\"32\">\n<div class=\"screen-reader-response\"><p role=\"status\" aria-live=\"polite\" aria-atomic=\"true\"><\/p> <ul><\/ul><\/div>\n<form action=\"\/stagingsite\/wp-json\/wp\/v2\/pages\/5926#wpcf7-f32-o1\" method=\"post\" class=\"wpcf7-form init\" aria-label=\"Contact form\" novalidate=\"novalidate\" data-status=\"init\">\n<fieldset class=\"hidden-fields-container\"><input type=\"hidden\" name=\"_wpcf7\" value=\"32\" \/><input type=\"hidden\" name=\"_wpcf7_version\" value=\"6.1.5\" \/><input type=\"hidden\" name=\"_wpcf7_locale\" value=\"en_US\" \/><input type=\"hidden\" name=\"_wpcf7_unit_tag\" value=\"wpcf7-f32-o1\" \/><input type=\"hidden\" name=\"_wpcf7_container_post\" value=\"0\" \/><input type=\"hidden\" name=\"_wpcf7_posted_data_hash\" value=\"\" \/>\n<\/fieldset>\n<p><label> Nombre (requerido)<br \/>\n<span class=\"wpcf7-form-control-wrap\" data-name=\"your-name\"><input size=\"40\" maxlength=\"400\" class=\"wpcf7-form-control wpcf7-text wpcf7-validates-as-required\" aria-required=\"true\" aria-invalid=\"false\" value=\"\" type=\"text\" name=\"your-name\" \/><\/span> <\/label>\n<\/p>\n<p><label> Email (requerido)<br \/>\n<span class=\"wpcf7-form-control-wrap\" data-name=\"your-email\"><input size=\"40\" maxlength=\"400\" class=\"wpcf7-form-control wpcf7-email wpcf7-validates-as-required wpcf7-text wpcf7-validates-as-email\" aria-required=\"true\" aria-invalid=\"false\" value=\"\" type=\"email\" name=\"your-email\" \/><\/span> <\/label>\n<\/p>\n<p><label> Asunto<br \/>\n<span class=\"wpcf7-form-control-wrap\" data-name=\"your-subject\"><input size=\"40\" maxlength=\"400\" class=\"wpcf7-form-control wpcf7-text\" aria-invalid=\"false\" value=\"\" type=\"text\" name=\"your-subject\" \/><\/span> <\/label>\n<\/p>\n<p><label> Mensaje<br \/>\n<span class=\"wpcf7-form-control-wrap\" data-name=\"your-message\"><textarea cols=\"40\" rows=\"10\" maxlength=\"2000\" class=\"wpcf7-form-control wpcf7-textarea\" aria-invalid=\"false\" name=\"your-message\"><\/textarea><\/span> <\/label>\n<\/p>\n<p><span class=\"wpcf7-form-control-wrap\" data-name=\"quiz-378\"><label><span class=\"wpcf7-quiz-label\">1+1=?<\/span> <input size=\"40\" class=\"wpcf7-form-control wpcf7-quiz\" autocomplete=\"off\" aria-required=\"true\" aria-invalid=\"false\" type=\"text\" name=\"quiz-378\" \/><\/label><input type=\"hidden\" name=\"_wpcf7_quiz_answer_quiz-378\" value=\"ca4853b71536138c58fc4fcf34dd7733\" \/><\/span>\n<\/p>\n<p><input class=\"wpcf7-form-control wpcf7-submit has-spinner\" type=\"submit\" value=\"Enviar\" \/>\n<\/p><p style=\"display: none !important;\" class=\"akismet-fields-container\" data-prefix=\"_wpcf7_ak_\"><label>&#916;<textarea name=\"_wpcf7_ak_hp_textarea\" cols=\"45\" rows=\"8\" maxlength=\"100\"><\/textarea><\/label><input type=\"hidden\" id=\"ak_js_1\" name=\"_wpcf7_ak_js\" value=\"55\"\/><script>document.getElementById( \"ak_js_1\" ).setAttribute( \"value\", ( new Date() ).getTime() );<\/script><\/p><div class=\"wpcf7-response-output\" aria-hidden=\"true\"><\/div>\n<\/form>\n<\/div>\n\t\t\t\t<\/div>\n\t\t\t\t<\/div>\n\t\t\t\t<div class=\"elementor-element elementor-element-34fe1e7 sc_fly_static elementor-widget elementor-widget-spacer\" data-id=\"34fe1e7\" data-element_type=\"widget\" data-e-type=\"widget\" data-widget_type=\"spacer.default\">\n\t\t\t\t<div class=\"elementor-widget-container\">\n\t\t\t\t\t\t\t<div class=\"elementor-spacer\">\n\t\t\t<div class=\"elementor-spacer-inner\"><\/div>\n\t\t<\/div>\n\t\t\t\t\t\t<\/div>\n\t\t\t\t<\/div>\n\t\t\t\t\t<\/div>\n\t\t<\/div>\n\t\t\t\t\t<\/div>\n\t\t<\/section>\n\t\t\t\t<section class=\"elementor-section elementor-top-section elementor-element elementor-element-91a3bef elementor-section-full_width elementor-section-height-default elementor-section-height-default sc_fly_static\" data-id=\"91a3bef\" data-element_type=\"section\" data-e-type=\"section\">\n\t\t\t\t\t\t<div class=\"elementor-container elementor-column-gap-extended\">\n\t\t\t\t\t<div class=\"elementor-column elementor-col-100 elementor-top-column elementor-element elementor-element-789f679 sc_content_align_inherit sc_layouts_column_icons_position_left sc_fly_static\" data-id=\"789f679\" data-element_type=\"column\" data-e-type=\"column\">\n\t\t\t<div class=\"elementor-widget-wrap elementor-element-populated\">\n\t\t\t\t\t\t<div class=\"elementor-element elementor-element-61841eb sc_fly_static elementor-widget elementor-widget-google_maps\" data-id=\"61841eb\" data-element_type=\"widget\" data-e-type=\"widget\" data-widget_type=\"google_maps.default\">\n\t\t\t\t<div class=\"elementor-widget-container\">\n\t\t\t\t\t\t\t<div class=\"elementor-custom-embed\">\n\t\t\t<iframe loading=\"lazy\"\n\t\t\t\t\tsrc=\"https:\/\/maps.google.com\/maps?q=El%20BAstion%20San%20Juan%20Puerto%20Rico&#038;t=m&#038;z=13&#038;output=embed&#038;iwloc=near\"\n\t\t\t\t\ttitle=\"El BAstion San Juan Puerto Rico\"\n\t\t\t\t\taria-label=\"El BAstion San Juan Puerto Rico\"\n\t\t\t><\/iframe>\n\t\t<\/div>\n\t\t\t\t\t\t<\/div>\n\t\t\t\t<\/div>\n\t\t\t\t\t<\/div>\n\t\t<\/div>\n\t\t\t\t\t<\/div>\n\t\t<\/section>\n\t\t\t\t<\/div>\n\t\t","protected":false},"excerpt":{"rendered":"<p>Direcci\u00f3n F\u00edsica1 Calle San Sebasti\u00e1n\u00a0San Juan, PR 00901\u00a0TEL\u00c9FONO 939-260-8346Direcci\u00f3n Postal:PO Box 9022573, SJ, PR, 00902-2573\u00a0\u00a0CORREO-E:\u00a0info@acircpr.com Nombre (requerido) Email (requerido) Asunto Mensaje 1+1=? &#916;<\/p>\n","protected":false},"author":1,"featured_media":0,"parent":0,"menu_order":0,"comment_status":"closed","ping_status":"closed","template":"","meta":{"nf_dc_page":"","_eb_attr":"","footnotes":""},"class_list":["post-5926","page","type-page","status-publish","hentry"],"yoast_head":"<!-- This site is optimized with the Yoast SEO plugin v27.4 - https:\/\/yoast.com\/product\/yoast-seo-wordpress\/ -->\n<title>Contacto &#8212; Circo Fest 2026<\/title>\n<meta name=\"robots\" content=\"index, follow, max-snippet:-1, max-image-preview:large, max-video-preview:-1\" \/>\n<link rel=\"canonical\" href=\"https:\/\/circofest.com\/stagingsite\/contacto\/\" \/>\n<meta property=\"og:locale\" content=\"es_ES\" \/>\n<meta property=\"og:type\" content=\"article\" \/>\n<meta property=\"og:title\" content=\"Contacto &#8212; Circo Fest 2026\" \/>\n<meta property=\"og:description\" content=\"Direcci\u00f3n F\u00edsica1 Calle San Sebasti\u00e1n\u00a0San Juan, PR 00901\u00a0TEL\u00c9FONO 939-260-8346Direcci\u00f3n Postal:PO Box 9022573, SJ, PR, 00902-2573\u00a0\u00a0CORREO-E:\u00a0info@acircpr.com Nombre (requerido) Email (requerido) Asunto Mensaje 1+1=? &#916;\" \/>\n<meta property=\"og:url\" content=\"https:\/\/circofest.com\/stagingsite\/contacto\/\" \/>\n<meta property=\"og:site_name\" content=\"Circo Fest 2026\" \/>\n<meta property=\"article:publisher\" content=\"https:\/\/www.facebook.com\/circofest\/\" \/>\n<meta property=\"article:modified_time\" content=\"2025-09-27T17:21:11+00:00\" \/>\n<meta property=\"og:image\" content=\"https:\/\/circofest.com\/stagingsite\/wp-content\/uploads\/2020\/01\/2020-small.png\" \/>\n\t<meta property=\"og:image:width\" content=\"345\" \/>\n\t<meta property=\"og:image:height\" content=\"346\" \/>\n\t<meta property=\"og:image:type\" content=\"image\/png\" \/>\n<meta name=\"twitter:card\" content=\"summary_large_image\" \/>\n<meta name=\"twitter:label1\" content=\"Tiempo de lectura\" \/>\n\t<meta name=\"twitter:data1\" content=\"1 minuto\" \/>\n<script type=\"application\/ld+json\" class=\"yoast-schema-graph\">{\"@context\":\"https:\\\/\\\/schema.org\",\"@graph\":[{\"@type\":\"WebPage\",\"@id\":\"https:\\\/\\\/circofest.com\\\/stagingsite\\\/contacto\\\/\",\"url\":\"https:\\\/\\\/circofest.com\\\/stagingsite\\\/contacto\\\/\",\"name\":\"Contacto &#8212; Circo Fest 2026\",\"isPartOf\":{\"@id\":\"https:\\\/\\\/circofest.com\\\/stagingsite\\\/#website\"},\"datePublished\":\"2025-09-14T22:37:17+00:00\",\"dateModified\":\"2025-09-27T17:21:11+00:00\",\"breadcrumb\":{\"@id\":\"https:\\\/\\\/circofest.com\\\/stagingsite\\\/contacto\\\/#breadcrumb\"},\"inLanguage\":\"es\",\"potentialAction\":[{\"@type\":\"ReadAction\",\"target\":[\"https:\\\/\\\/circofest.com\\\/stagingsite\\\/contacto\\\/\"]}]},{\"@type\":\"BreadcrumbList\",\"@id\":\"https:\\\/\\\/circofest.com\\\/stagingsite\\\/contacto\\\/#breadcrumb\",\"itemListElement\":[{\"@type\":\"ListItem\",\"position\":1,\"name\":\"Home\",\"item\":\"https:\\\/\\\/circofest.com\\\/stagingsite\\\/\"},{\"@type\":\"ListItem\",\"position\":2,\"name\":\"Contacto\"}]},{\"@type\":\"WebSite\",\"@id\":\"https:\\\/\\\/circofest.com\\\/stagingsite\\\/#website\",\"url\":\"https:\\\/\\\/circofest.com\\\/stagingsite\\\/\",\"name\":\"Circo Fest 2026\",\"description\":\"Vuelve Circo Fest 2026\",\"publisher\":{\"@id\":\"https:\\\/\\\/circofest.com\\\/stagingsite\\\/#organization\"},\"potentialAction\":[{\"@type\":\"SearchAction\",\"target\":{\"@type\":\"EntryPoint\",\"urlTemplate\":\"https:\\\/\\\/circofest.com\\\/stagingsite\\\/?s={search_term_string}\"},\"query-input\":{\"@type\":\"PropertyValueSpecification\",\"valueRequired\":true,\"valueName\":\"search_term_string\"}}],\"inLanguage\":\"es\"},{\"@type\":\"Organization\",\"@id\":\"https:\\\/\\\/circofest.com\\\/stagingsite\\\/#organization\",\"name\":\"CircoFest\",\"url\":\"https:\\\/\\\/circofest.com\\\/stagingsite\\\/\",\"logo\":{\"@type\":\"ImageObject\",\"inLanguage\":\"es\",\"@id\":\"https:\\\/\\\/circofest.com\\\/stagingsite\\\/#\\\/schema\\\/logo\\\/image\\\/\",\"url\":\"https:\\\/\\\/i0.wp.com\\\/www.circofest.com\\\/CFest\\\/wp-content\\\/uploads\\\/2020\\\/01\\\/2020-small.png?fit=345%2C346&ssl=1\",\"contentUrl\":\"https:\\\/\\\/i0.wp.com\\\/www.circofest.com\\\/CFest\\\/wp-content\\\/uploads\\\/2020\\\/01\\\/2020-small.png?fit=345%2C346&ssl=1\",\"width\":345,\"height\":346,\"caption\":\"CircoFest\"},\"image\":{\"@id\":\"https:\\\/\\\/circofest.com\\\/stagingsite\\\/#\\\/schema\\\/logo\\\/image\\\/\"},\"sameAs\":[\"https:\\\/\\\/www.facebook.com\\\/circofest\\\/\",\"https:\\\/\\\/www.youtube.com\\\/channel\\\/UCSV8Au5Pm08VrTit3UdM97Q\"]}]}<\/script>\n<!-- \/ Yoast SEO plugin. -->","yoast_head_json":{"title":"Contacto &#8212; Circo Fest 2026","robots":{"index":"index","follow":"follow","max-snippet":"max-snippet:-1","max-image-preview":"max-image-preview:large","max-video-preview":"max-video-preview:-1"},"canonical":"https:\/\/circofest.com\/stagingsite\/contacto\/","og_locale":"es_ES","og_type":"article","og_title":"Contacto &#8212; Circo Fest 2026","og_description":"Direcci\u00f3n F\u00edsica1 Calle San Sebasti\u00e1n\u00a0San Juan, PR 00901\u00a0TEL\u00c9FONO 939-260-8346Direcci\u00f3n Postal:PO Box 9022573, SJ, PR, 00902-2573\u00a0\u00a0CORREO-E:\u00a0info@acircpr.com Nombre (requerido) Email (requerido) Asunto Mensaje 1+1=? &#916;","og_url":"https:\/\/circofest.com\/stagingsite\/contacto\/","og_site_name":"Circo Fest 2026","article_publisher":"https:\/\/www.facebook.com\/circofest\/","article_modified_time":"2025-09-27T17:21:11+00:00","og_image":[{"width":345,"height":346,"url":"https:\/\/circofest.com\/stagingsite\/wp-content\/uploads\/2020\/01\/2020-small.png","type":"image\/png"}],"twitter_card":"summary_large_image","twitter_misc":{"Tiempo de lectura":"1 minuto"},"schema":{"@context":"https:\/\/schema.org","@graph":[{"@type":"WebPage","@id":"https:\/\/circofest.com\/stagingsite\/contacto\/","url":"https:\/\/circofest.com\/stagingsite\/contacto\/","name":"Contacto &#8212; Circo Fest 2026","isPartOf":{"@id":"https:\/\/circofest.com\/stagingsite\/#website"},"datePublished":"2025-09-14T22:37:17+00:00","dateModified":"2025-09-27T17:21:11+00:00","breadcrumb":{"@id":"https:\/\/circofest.com\/stagingsite\/contacto\/#breadcrumb"},"inLanguage":"es","potentialAction":[{"@type":"ReadAction","target":["https:\/\/circofest.com\/stagingsite\/contacto\/"]}]},{"@type":"BreadcrumbList","@id":"https:\/\/circofest.com\/stagingsite\/contacto\/#breadcrumb","itemListElement":[{"@type":"ListItem","position":1,"name":"Home","item":"https:\/\/circofest.com\/stagingsite\/"},{"@type":"ListItem","position":2,"name":"Contacto"}]},{"@type":"WebSite","@id":"https:\/\/circofest.com\/stagingsite\/#website","url":"https:\/\/circofest.com\/stagingsite\/","name":"Circo Fest 2026","description":"Vuelve Circo Fest 2026","publisher":{"@id":"https:\/\/circofest.com\/stagingsite\/#organization"},"potentialAction":[{"@type":"SearchAction","target":{"@type":"EntryPoint","urlTemplate":"https:\/\/circofest.com\/stagingsite\/?s={search_term_string}"},"query-input":{"@type":"PropertyValueSpecification","valueRequired":true,"valueName":"search_term_string"}}],"inLanguage":"es"},{"@type":"Organization","@id":"https:\/\/circofest.com\/stagingsite\/#organization","name":"CircoFest","url":"https:\/\/circofest.com\/stagingsite\/","logo":{"@type":"ImageObject","inLanguage":"es","@id":"https:\/\/circofest.com\/stagingsite\/#\/schema\/logo\/image\/","url":"https:\/\/i0.wp.com\/www.circofest.com\/CFest\/wp-content\/uploads\/2020\/01\/2020-small.png?fit=345%2C346&ssl=1","contentUrl":"https:\/\/i0.wp.com\/www.circofest.com\/CFest\/wp-content\/uploads\/2020\/01\/2020-small.png?fit=345%2C346&ssl=1","width":345,"height":346,"caption":"CircoFest"},"image":{"@id":"https:\/\/circofest.com\/stagingsite\/#\/schema\/logo\/image\/"},"sameAs":["https:\/\/www.facebook.com\/circofest\/","https:\/\/www.youtube.com\/channel\/UCSV8Au5Pm08VrTit3UdM97Q"]}]}},"_links":{"self":[{"href":"https:\/\/circofest.com\/stagingsite\/wp-json\/wp\/v2\/pages\/5926","targetHints":{"allow":["GET"]}}],"collection":[{"href":"https:\/\/circofest.com\/stagingsite\/wp-json\/wp\/v2\/pages"}],"about":[{"href":"https:\/\/circofest.com\/stagingsite\/wp-json\/wp\/v2\/types\/page"}],"author":[{"embeddable":true,"href":"https:\/\/circofest.com\/stagingsite\/wp-json\/wp\/v2\/users\/1"}],"replies":[{"embeddable":true,"href":"https:\/\/circofest.com\/stagingsite\/wp-json\/wp\/v2\/comments?post=5926"}],"version-history":[{"count":5,"href":"https:\/\/circofest.com\/stagingsite\/wp-json\/wp\/v2\/pages\/5926\/revisions"}],"predecessor-version":[{"id":14481,"href":"https:\/\/circofest.com\/stagingsite\/wp-json\/wp\/v2\/pages\/5926\/revisions\/14481"}],"wp:attachment":[{"href":"https:\/\/circofest.com\/stagingsite\/wp-json\/wp\/v2\/media?parent=5926"}],"curies":[{"name":"wp","href":"https:\/\/api.w.org\/{rel}","templated":true}]}}